{"id":13357,"date":"2025-11-19T13:04:10","date_gmt":"2025-11-19T12:04:10","guid":{"rendered":"https:\/\/tonyjdrone.elultimoideario.com\/?page_id=13357"},"modified":"2025-11-20T10:45:32","modified_gmt":"2025-11-20T09:45:32","slug":"consultoria-de-drones","status":"publish","type":"page","link":"https:\/\/nexadrone.es\/en\/consultoria-de-drones\/","title":{"rendered":"Consultor\u00eda"},"content":{"rendered":"<div data-elementor-type=\"wp-page\" data-elementor-id=\"13357\" class=\"elementor elementor-13357\">\n\t\t\t\t<div class=\"elementor-element elementor-element-69ed31b4 e-flex e-con-boxed e-con e-parent\" data-id=\"69ed31b4\" data-element_type=\"container\" data-e-type=\"container\" data-settings=\"{&quot;background_background&quot;:&quot;classic&quot;}\">\n\t\t\t\t\t<div class=\"e-con-inner\">\n\t\t\t\t<div class=\"elementor-element elementor-element-6cf707e1 elementor-widget elementor-widget-heading\" data-id=\"6cf707e1\" data-element_type=\"widget\" data-e-type=\"widget\" data-widget_type=\"heading.default\">\n\t\t\t\t\t<h3 class=\"elementor-heading-title elementor-size-default\">EXPERTOS EN ESTRATEGIA, NORMATIVA Y OPERACIONES CON DRONES<\/h3>\t\t\t\t<\/div>\n\t\t\t\t<div class=\"elementor-element elementor-element-779715d7 elementor-widget elementor-widget-heading\" data-id=\"779715d7\" data-element_type=\"widget\" data-e-type=\"widget\" data-widget_type=\"heading.default\">\n\t\t\t\t\t<h2 class=\"elementor-heading-title elementor-size-default\">CONSULTOR\u00cdA PROFESIONAL DE DRONES EN ALMER\u00cdA<\/h2>\t\t\t\t<\/div>\n\t\t\t\t<div class=\"elementor-element elementor-element-60c24020 elementor-widget-divider--view-line_text elementor-widget-divider--element-align-center elementor-widget elementor-widget-divider\" data-id=\"60c24020\" data-element_type=\"widget\" data-e-type=\"widget\" data-widget_type=\"divider.default\">\n\t\t\t\t\t\t\t<div class=\"elementor-divider\">\n\t\t\t<span class=\"elementor-divider-separator\">\n\t\t\t\t\t\t<\/span>\n\t\t<\/div>\n\t\t\t\t\t\t<\/div>\n\t\t\t\t<div class=\"elementor-element elementor-element-33a019df elementor-widget elementor-widget-text-editor\" data-id=\"33a019df\" data-element_type=\"widget\" data-e-type=\"widget\" data-widget_type=\"text-editor.default\">\n\t\t\t\t\t\t\t\t\t<h5 style=\"text-align: center;\"><strong><span style=\"color: #808080;\">Servicios de drones en Almer\u00eda\u00a0<\/span><\/strong><\/h5>\t\t\t\t\t\t\t\t<\/div>\n\t\t\t\t<div class=\"elementor-element elementor-element-4821ff33 elementor-widget elementor-widget-text-editor\" data-id=\"4821ff33\" data-element_type=\"widget\" data-e-type=\"widget\" data-widget_type=\"text-editor.default\">\n\t\t\t\t\t\t\t\t\t<p data-start=\"1146\" data-end=\"1367\">La <strong data-start=\"1058\" data-end=\"1083\">consultor\u00eda de drones<\/strong> es esencial para cualquier empresa o particular que necesite asesoramiento en normativa, permisos, planificaci\u00f3n de vuelos o procesos operativos. En NexaDrone analizamos tu caso, estudiamos la mejor estrategia y te guiamos paso a paso para que puedas trabajar con total seguridad y confianza.<\/p><p data-start=\"1146\" data-end=\"1367\">Si tienes un <strong data-start=\"283\" data-end=\"306\">proyecto con drones<\/strong> y no sabes por d\u00f3nde empezar, en <strong data-start=\"340\" data-end=\"353\">NexaDrone<\/strong> te acompa\u00f1amos en todo el proceso. Analizamos tus objetivos, estudiamos la mejor estrategia y te guiamos paso a paso para que puedas trabajar con <strong data-start=\"500\" data-end=\"519\">total seguridad<\/strong>, <strong data-start=\"521\" data-end=\"534\">confianza<\/strong> y <strong data-start=\"537\" data-end=\"577\">cumpliendo toda la normativa vigente<\/strong>.<\/p><p data-start=\"1146\" data-end=\"1367\">Con nuestro servicio de <strong data-start=\"1062\" data-end=\"1099\">consultor\u00eda profesional de drones<\/strong>, obtienes una visi\u00f3n clara, experta y personalizada, dise\u00f1ada para ayudarte a impulsar tu proyecto, reducir riesgos y mejorar tus resultados desde el primer d\u00eda.<\/p><p data-start=\"1146\" data-end=\"1367\">Para m\u00e1s informaci\u00f3n oficial sobre normativa y operaciones con drones, puedes consultar la web de <a href=\"https:\/\/www.seguridadaerea.gob.es\/es\/ambitos\/drones\"><strong data-start=\"470\" data-end=\"478\">AESA<\/strong><\/a>, la Agencia Estatal de Seguridad A\u00e9rea.<\/p>\t\t\t\t\t\t\t\t<\/div>\n\t\t\t\t\t<\/div>\n\t\t\t\t<\/div>\n\t\t<div class=\"elementor-element elementor-element-12e436e3 e-flex e-con-boxed e-con e-parent\" data-id=\"12e436e3\" data-element_type=\"container\" data-e-type=\"container\">\n\t\t\t\t\t<div class=\"e-con-inner\">\n\t\t\t\t<div class=\"elementor-element elementor-element-65bed951 elementor-widget elementor-widget-heading\" data-id=\"65bed951\" data-element_type=\"widget\" data-e-type=\"widget\" data-widget_type=\"heading.default\">\n\t\t\t\t\t<h3 class=\"elementor-heading-title elementor-size-default\">SOLUCIONES DE CONSULTOR\u00cdA CON DRONES<\/h3>\t\t\t\t<\/div>\n\t\t\t\t<div class=\"elementor-element elementor-element-71c51427 elementor-widget elementor-widget-text-editor\" data-id=\"71c51427\" data-element_type=\"widget\" data-e-type=\"widget\" data-widget_type=\"text-editor.default\">\n\t\t\t\t\t\t\t\t\t<p style=\"text-align: center;\" data-start=\"1045\" data-end=\"1304\"><span style=\"color: #808080;\"><strong>Te ofrecemos soluciones de consultor\u00eda adaptadas a tus necesidades: normativa, planificaci\u00f3n de vuelos, selecci\u00f3n de equipos, an\u00e1lisis t\u00e9cnico y optimizaci\u00f3n de procesos.\u00a0 Nuestro objetivo es ayudarte a trabajar con drones de forma segura, legal y profesional<\/strong><\/span><\/p>\t\t\t\t\t\t\t\t<\/div>\n\t\t\t\t\t<\/div>\n\t\t\t\t<\/div>\n\t\t<div class=\"elementor-element elementor-element-3d7b42ce e-flex e-con-boxed e-con e-parent\" data-id=\"3d7b42ce\" data-element_type=\"container\" data-e-type=\"container\" data-settings=\"{&quot;background_background&quot;:&quot;classic&quot;}\">\n\t\t\t\t\t<div class=\"e-con-inner\">\n\t\t<div class=\"elementor-element elementor-element-1f2a8f87 e-con-full e-flex e-con e-child\" data-id=\"1f2a8f87\" data-element_type=\"container\" data-e-type=\"container\">\n\t\t\t\t<div class=\"elementor-element elementor-element-56b04672 elementor-widget elementor-widget-heading\" data-id=\"56b04672\" data-element_type=\"widget\" data-e-type=\"widget\" data-widget_type=\"heading.default\">\n\t\t\t\t\t<h4 class=\"elementor-heading-title elementor-size-default\">Gesti\u00f3n completa de documentaci\u00f3n<\/h4>\t\t\t\t<\/div>\n\t\t\t\t<\/div>\n\t\t\t\t\t<\/div>\n\t\t\t\t<\/div>\n\t\t<div class=\"elementor-element elementor-element-49efd80e e-flex e-con-boxed e-con e-parent\" data-id=\"49efd80e\" data-element_type=\"container\" data-e-type=\"container\">\n\t\t\t\t\t<div class=\"e-con-inner\">\n\t\t\t\t<div class=\"elementor-element elementor-element-7ee83835 elementor-widget elementor-widget-text-editor\" data-id=\"7ee83835\" data-element_type=\"widget\" data-e-type=\"widget\" data-widget_type=\"text-editor.default\">\n\t\t\t\t\t\t\t\t\t<p data-start=\"519\" data-end=\"899\">Te ayudamos a recopilar, organizar y presentar toda la <strong data-start=\"1080\" data-end=\"1126\">documentaci\u00f3n necesaria para operar drones<\/strong> de forma profesional. Revisamos requisitos, preparamos los expedientes y garantizamos que todo est\u00e9 actualizado para evitar retrasos o incidencias administrativas.<\/p>\t\t\t\t\t\t\t\t<\/div>\n\t\t\t\t\t<\/div>\n\t\t\t\t<\/div>\n\t\t<div class=\"elementor-element elementor-element-157f8394 e-flex e-con-boxed e-con e-parent\" data-id=\"157f8394\" data-element_type=\"container\" data-e-type=\"container\" data-settings=\"{&quot;background_background&quot;:&quot;classic&quot;}\">\n\t\t\t\t\t<div class=\"e-con-inner\">\n\t\t<div class=\"elementor-element elementor-element-232cfdfe e-con-full e-flex e-con e-child\" data-id=\"232cfdfe\" data-element_type=\"container\" data-e-type=\"container\">\n\t\t\t\t<div class=\"elementor-element elementor-element-447d33df elementor-widget elementor-widget-heading\" data-id=\"447d33df\" data-element_type=\"widget\" data-e-type=\"widget\" data-widget_type=\"heading.default\">\n\t\t\t\t\t<h4 class=\"elementor-heading-title elementor-size-default\">Planificaci\u00f3n y aprobaci\u00f3n de planes de vuelo<\/h4>\t\t\t\t<\/div>\n\t\t\t\t<\/div>\n\t\t\t\t\t<\/div>\n\t\t\t\t<\/div>\n\t\t<div class=\"elementor-element elementor-element-49cbc307 e-flex e-con-boxed e-con e-parent\" data-id=\"49cbc307\" data-element_type=\"container\" data-e-type=\"container\">\n\t\t\t\t\t<div class=\"e-con-inner\">\n\t\t\t\t<div class=\"elementor-element elementor-element-749da535 elementor-widget elementor-widget-text-editor\" data-id=\"749da535\" data-element_type=\"widget\" data-e-type=\"widget\" data-widget_type=\"text-editor.default\">\n\t\t\t\t\t\t\t\t\t<p data-start=\"352\" data-end=\"675\">Asesoramos a empresas y particulares en la <strong data-start=\"1393\" data-end=\"1432\">planificaci\u00f3n de operaciones a\u00e9reas<\/strong>, elaborando planes de vuelo seguros, viables y ajustados a normativa. Adem\u00e1s, gestionamos la <strong data-start=\"1526\" data-end=\"1550\">emisi\u00f3n y aprobaci\u00f3n<\/strong> de cada operaci\u00f3n para que puedas volar con tranquilidad.<\/p>\t\t\t\t\t\t\t\t<\/div>\n\t\t\t\t\t<\/div>\n\t\t\t\t<\/div>\n\t\t<div class=\"elementor-element elementor-element-38e43635 e-flex e-con-boxed e-con e-parent\" data-id=\"38e43635\" data-element_type=\"container\" data-e-type=\"container\" data-settings=\"{&quot;background_background&quot;:&quot;classic&quot;}\">\n\t\t\t\t\t<div class=\"e-con-inner\">\n\t\t<div class=\"elementor-element elementor-element-435a92ef e-con-full e-flex e-con e-child\" data-id=\"435a92ef\" data-element_type=\"container\" data-e-type=\"container\">\n\t\t\t\t<div class=\"elementor-element elementor-element-42416453 elementor-widget elementor-widget-heading\" data-id=\"42416453\" data-element_type=\"widget\" data-e-type=\"widget\" data-widget_type=\"heading.default\">\n\t\t\t\t\t<h4 class=\"elementor-heading-title elementor-size-default\">Permisos de vuelo y estudios de seguridad<\/h4>\t\t\t\t<\/div>\n\t\t\t\t<\/div>\n\t\t\t\t\t<\/div>\n\t\t\t\t<\/div>\n\t\t<div class=\"elementor-element elementor-element-71ed64a2 e-flex e-con-boxed e-con e-parent\" data-id=\"71ed64a2\" data-element_type=\"container\" data-e-type=\"container\">\n\t\t\t\t\t<div class=\"e-con-inner\">\n\t\t\t\t<div class=\"elementor-element elementor-element-76878136 elementor-widget elementor-widget-text-editor\" data-id=\"76878136\" data-element_type=\"widget\" data-e-type=\"widget\" data-widget_type=\"text-editor.default\">\n\t\t\t\t\t\t\t\t\t<p data-start=\"1664\" data-end=\"1944\">Nos encargamos de tramitar <strong data-start=\"1691\" data-end=\"1712\">permisos de vuelo<\/strong>, <strong data-start=\"1714\" data-end=\"1750\">seguros de responsabilidad civil<\/strong>, <strong data-start=\"1752\" data-end=\"1782\">estudios de seguridad <\/strong>y documentaci\u00f3n para volar en <strong data-start=\"1813\" data-end=\"1844\">espacios a\u00e9reos controlados<\/strong>. Con NexaDrone, tus operaciones cumplen todos los requisitos para evitar sanciones o restricciones.<\/p>\t\t\t\t\t\t\t\t<\/div>\n\t\t\t\t\t<\/div>\n\t\t\t\t<\/div>\n\t\t<div class=\"elementor-element elementor-element-b1ded9f e-flex e-con-boxed e-con e-parent\" data-id=\"b1ded9f\" data-element_type=\"container\" data-e-type=\"container\" data-settings=\"{&quot;background_background&quot;:&quot;classic&quot;}\">\n\t\t\t\t\t<div class=\"e-con-inner\">\n\t\t<div class=\"elementor-element elementor-element-36c128e2 e-con-full e-flex e-con e-child\" data-id=\"36c128e2\" data-element_type=\"container\" data-e-type=\"container\">\n\t\t\t\t<div class=\"elementor-element elementor-element-509e049 elementor-widget elementor-widget-heading\" data-id=\"509e049\" data-element_type=\"widget\" data-e-type=\"widget\" data-widget_type=\"heading.default\">\n\t\t\t\t\t<h4 class=\"elementor-heading-title elementor-size-default\">Asesor\u00eda legal y regulatoria para uso profesional de drones<\/h4>\t\t\t\t<\/div>\n\t\t\t\t<\/div>\n\t\t\t\t\t<\/div>\n\t\t\t\t<\/div>\n\t\t<div class=\"elementor-element elementor-element-6c75794f e-flex e-con-boxed e-con e-parent\" data-id=\"6c75794f\" data-element_type=\"container\" data-e-type=\"container\">\n\t\t\t\t\t<div class=\"e-con-inner\">\n\t\t\t\t<div class=\"elementor-element elementor-element-5a23f0e0 elementor-widget elementor-widget-text-editor\" data-id=\"5a23f0e0\" data-element_type=\"widget\" data-e-type=\"widget\" data-widget_type=\"text-editor.default\">\n\t\t\t\t\t\t\t\t\t<p data-start=\"358\" data-end=\"726\">Te guiamos en todo lo relacionado con <strong data-start=\"2056\" data-end=\"2107\">leyes y regulaciones de aeronaves no tripuladas<\/strong>, protocolos de seguridad, gesti\u00f3n de datos, mantenimiento y buenas pr\u00e1cticas operativas. Nuestro objetivo es que puedas trabajar con drones de forma <strong data-start=\"2257\" data-end=\"2295\">legal, segura y sin complicaciones<\/strong>.<\/p>\t\t\t\t\t\t\t\t<\/div>\n\t\t\t\t\t<\/div>\n\t\t\t\t<\/div>\n\t\t<div class=\"elementor-element elementor-element-67e782d9 e-flex e-con-boxed e-con e-parent\" data-id=\"67e782d9\" data-element_type=\"container\" data-e-type=\"container\">\n\t\t\t\t\t<div class=\"e-con-inner\">\n\t\t<div class=\"elementor-element elementor-element-4f1bbc66 cta-servicios e-con-full e-flex elementor-invisible e-con e-child\" data-id=\"4f1bbc66\" data-element_type=\"container\" data-e-type=\"container\" data-settings=\"{&quot;background_background&quot;:&quot;slideshow&quot;,&quot;animation&quot;:&quot;fadeInUp&quot;,&quot;background_slideshow_gallery&quot;:[],&quot;background_slideshow_loop&quot;:&quot;yes&quot;,&quot;background_slideshow_slide_duration&quot;:5000,&quot;background_slideshow_slide_transition&quot;:&quot;fade&quot;,&quot;background_slideshow_transition_duration&quot;:500}\">\n\t\t\t\t<div class=\"elementor-element elementor-element-60cce285 elementor-widget elementor-widget-heading\" data-id=\"60cce285\" data-element_type=\"widget\" data-e-type=\"widget\" data-widget_type=\"heading.default\">\n\t\t\t\t\t<h3 class=\"elementor-heading-title elementor-size-default\">LLEVA TU PROYECTO A NUEVAS ALTURAS<\/h3>\t\t\t\t<\/div>\n\t\t\t\t<div class=\"elementor-element elementor-element-1567d290 elementor-widget elementor-widget-text-editor\" data-id=\"1567d290\" data-element_type=\"widget\" data-e-type=\"widget\" data-widget_type=\"text-editor.default\">\n\t\t\t\t\t\t\t\t\t<p><strong data-start=\"106\" data-end=\"231\">Te ayudamos a cumplir la normativa vigente y a gestionar todas tus operaciones a\u00e9reas con total seguridad y tranquilidad.<\/strong> Desde la planificaci\u00f3n del vuelo hasta la obtenci\u00f3n de permisos, documentaci\u00f3n y asesoramiento t\u00e9cnico, nuestro equipo te acompa\u00f1a en cada paso para que puedas operar con drones de forma eficiente, legal y sin riesgos.<\/p>\t\t\t\t\t\t\t\t<\/div>\n\t\t<div class=\"elementor-element elementor-element-180174be e-con-full e-flex e-con e-child\" data-id=\"180174be\" data-element_type=\"container\" data-e-type=\"container\">\n\t\t\t\t<div class=\"elementor-element elementor-element-6b5e5407 e-transform elementor-align-center elementor-widget elementor-widget-button\" data-id=\"6b5e5407\" data-element_type=\"widget\" data-e-type=\"widget\" data-settings=\"{&quot;_transform_scale_effect_hover&quot;:{&quot;unit&quot;:&quot;px&quot;,&quot;size&quot;:1.03,&quot;sizes&quot;:[]},&quot;_transform_scale_effect_hover_widescreen&quot;:{&quot;unit&quot;:&quot;px&quot;,&quot;size&quot;:&quot;&quot;,&quot;sizes&quot;:[]},&quot;_transform_scale_effect_hover_laptop&quot;:{&quot;unit&quot;:&quot;px&quot;,&quot;size&quot;:&quot;&quot;,&quot;sizes&quot;:[]},&quot;_transform_scale_effect_hover_tablet_extra&quot;:{&quot;unit&quot;:&quot;px&quot;,&quot;size&quot;:&quot;&quot;,&quot;sizes&quot;:[]},&quot;_transform_scale_effect_hover_tablet&quot;:{&quot;unit&quot;:&quot;px&quot;,&quot;size&quot;:&quot;&quot;,&quot;sizes&quot;:[]},&quot;_transform_scale_effect_hover_mobile_extra&quot;:{&quot;unit&quot;:&quot;px&quot;,&quot;size&quot;:&quot;&quot;,&quot;sizes&quot;:[]},&quot;_transform_scale_effect_hover_mobile&quot;:{&quot;unit&quot;:&quot;px&quot;,&quot;size&quot;:&quot;&quot;,&quot;sizes&quot;:[]}}\" data-widget_type=\"button.default\">\n\t\t\t\t\t\t\t\t\t\t<a class=\"elementor-button elementor-button-link elementor-size-sm\" href=\"\/en\/contacto-drones-almeria\/\">\n\t\t\t\t\t\t<span class=\"elementor-button-content-wrapper\">\n\t\t\t\t\t\t\t\t\t<span class=\"elementor-button-text\">Pide m\u00e1s informaci\u00f3n<\/span>\n\t\t\t\t\t<\/span>\n\t\t\t\t\t<\/a>\n\t\t\t\t\t\t\t\t<\/div>\n\t\t\t\t<div class=\"elementor-element elementor-element-7a8f1c1 e-transform elementor-align-center elementor-widget elementor-widget-button\" data-id=\"7a8f1c1\" data-element_type=\"widget\" data-e-type=\"widget\" data-settings=\"{&quot;_transform_scale_effect_hover&quot;:{&quot;unit&quot;:&quot;px&quot;,&quot;size&quot;:1.03,&quot;sizes&quot;:[]},&quot;_transform_scale_effect_hover_widescreen&quot;:{&quot;unit&quot;:&quot;px&quot;,&quot;size&quot;:&quot;&quot;,&quot;sizes&quot;:[]},&quot;_transform_scale_effect_hover_laptop&quot;:{&quot;unit&quot;:&quot;px&quot;,&quot;size&quot;:&quot;&quot;,&quot;sizes&quot;:[]},&quot;_transform_scale_effect_hover_tablet_extra&quot;:{&quot;unit&quot;:&quot;px&quot;,&quot;size&quot;:&quot;&quot;,&quot;sizes&quot;:[]},&quot;_transform_scale_effect_hover_tablet&quot;:{&quot;unit&quot;:&quot;px&quot;,&quot;size&quot;:&quot;&quot;,&quot;sizes&quot;:[]},&quot;_transform_scale_effect_hover_mobile_extra&quot;:{&quot;unit&quot;:&quot;px&quot;,&quot;size&quot;:&quot;&quot;,&quot;sizes&quot;:[]},&quot;_transform_scale_effect_hover_mobile&quot;:{&quot;unit&quot;:&quot;px&quot;,&quot;size&quot;:&quot;&quot;,&quot;sizes&quot;:[]}}\" data-widget_type=\"button.default\">\n\t\t\t\t\t\t\t\t\t\t<a class=\"elementor-button elementor-button-link elementor-size-sm\" href=\"\/en\/servicios\/\">\n\t\t\t\t\t\t<span class=\"elementor-button-content-wrapper\">\n\t\t\t\t\t\t\t\t\t<span class=\"elementor-button-text\">Ver otros servicios<\/span>\n\t\t\t\t\t<\/span>\n\t\t\t\t\t<\/a>\n\t\t\t\t\t\t\t\t<\/div>\n\t\t\t\t<\/div>\n\t\t\t\t<\/div>\n\t\t\t\t\t<\/div>\n\t\t\t\t<\/div>\n\t\t\t\t<\/div>","protected":false},"excerpt":{"rendered":"<p>EXPERTOS EN ESTRATEGIA, NORMATIVA Y OPERACIONES CON DRONES CONSULTOR\u00cdA PROFESIONAL DE DRONES EN ALMER\u00cdA Servicios de drones en Almer\u00eda\u00a0 La consultor\u00eda de drones es esencial para cualquier empresa o particular que necesite asesoramiento en normativa, permisos, planificaci\u00f3n de vuelos o procesos operativos. En NexaDrone analizamos tu caso, estudiamos la mejor estrategia y te guiamos paso [&hellip;]<\/p>\n","protected":false},"author":2,"featured_media":0,"parent":0,"menu_order":0,"comment_status":"closed","ping_status":"closed","template":"elementor_header_footer","meta":{"_acf_changed":false,"footnotes":""},"class_list":["post-13357","page","type-page","status-publish","hentry"],"acf":[],"yoast_head":"<!-- This site is optimized with the Yoast SEO plugin v27.4 - https:\/\/yoast.com\/product\/yoast-seo-wordpress\/ -->\n<title>Consultor\u00eda de drones en Almer\u00eda | NexaDrone<\/title>\n<meta name=\"description\" content=\"Servicio profesional de consultor\u00eda de drones. Te asesoramos en normativa, permisos, planificaci\u00f3n de vuelos y gesti\u00f3n de operaciones a\u00e9reas.\" \/>\n<meta name=\"robots\" content=\"index, follow, max-snippet:-1, max-image-preview:large, max-video-preview:-1\" \/>\n<link rel=\"canonical\" href=\"https:\/\/nexadrone-jr7qzgyq3f.live-website.com\/consultoria-de-drones\/\" \/>\n<meta property=\"og:locale\" content=\"en_US\" \/>\n<meta property=\"og:type\" content=\"article\" \/>\n<meta property=\"og:title\" content=\"Consultor\u00eda de drones en Almer\u00eda | NexaDrone\" \/>\n<meta property=\"og:description\" content=\"Servicio profesional de consultor\u00eda de drones. Te asesoramos en normativa, permisos, planificaci\u00f3n de vuelos y gesti\u00f3n de operaciones a\u00e9reas.\" \/>\n<meta property=\"og:url\" content=\"https:\/\/nexadrone-jr7qzgyq3f.live-website.com\/consultoria-de-drones\/\" \/>\n<meta property=\"og:site_name\" content=\"NexaDrone\" \/>\n<meta property=\"article:modified_time\" content=\"2025-11-20T09:45:32+00:00\" \/>\n<meta name=\"twitter:card\" content=\"summary_large_image\" \/>\n<meta name=\"twitter:label1\" content=\"Est. reading time\" \/>\n\t<meta name=\"twitter:data1\" content=\"3 minutes\" \/>\n<script type=\"application\/ld+json\" class=\"yoast-schema-graph\">{\"@context\":\"https:\\\/\\\/schema.org\",\"@graph\":[{\"@type\":\"WebPage\",\"@id\":\"https:\\\/\\\/nexadrone-jr7qzgyq3f.live-website.com\\\/consultoria-de-drones\\\/\",\"url\":\"https:\\\/\\\/nexadrone-jr7qzgyq3f.live-website.com\\\/consultoria-de-drones\\\/\",\"name\":\"Consultor\u00eda de drones en Almer\u00eda | NexaDrone\",\"isPartOf\":{\"@id\":\"https:\\\/\\\/nexadrone.es\\\/#website\"},\"datePublished\":\"2025-11-19T12:04:10+00:00\",\"dateModified\":\"2025-11-20T09:45:32+00:00\",\"description\":\"Servicio profesional de consultor\u00eda de drones. Te asesoramos en normativa, permisos, planificaci\u00f3n de vuelos y gesti\u00f3n de operaciones a\u00e9reas.\",\"breadcrumb\":{\"@id\":\"https:\\\/\\\/nexadrone-jr7qzgyq3f.live-website.com\\\/consultoria-de-drones\\\/#breadcrumb\"},\"inLanguage\":\"en-US\",\"potentialAction\":[{\"@type\":\"ReadAction\",\"target\":[\"https:\\\/\\\/nexadrone-jr7qzgyq3f.live-website.com\\\/consultoria-de-drones\\\/\"]}]},{\"@type\":\"BreadcrumbList\",\"@id\":\"https:\\\/\\\/nexadrone-jr7qzgyq3f.live-website.com\\\/consultoria-de-drones\\\/#breadcrumb\",\"itemListElement\":[{\"@type\":\"ListItem\",\"position\":1,\"name\":\"Portada\",\"item\":\"https:\\\/\\\/nexadrone.es\\\/\"},{\"@type\":\"ListItem\",\"position\":2,\"name\":\"Consultor\u00eda\"}]},{\"@type\":\"WebSite\",\"@id\":\"https:\\\/\\\/nexadrone.es\\\/#website\",\"url\":\"https:\\\/\\\/nexadrone.es\\\/\",\"name\":\"NexaDrone\",\"description\":\"\",\"potentialAction\":[{\"@type\":\"SearchAction\",\"target\":{\"@type\":\"EntryPoint\",\"urlTemplate\":\"https:\\\/\\\/nexadrone.es\\\/?s={search_term_string}\"},\"query-input\":{\"@type\":\"PropertyValueSpecification\",\"valueRequired\":true,\"valueName\":\"search_term_string\"}}],\"inLanguage\":\"en-US\"}]}<\/script>\n<!-- \/ Yoast SEO plugin. -->","yoast_head_json":{"title":"Consultor\u00eda de drones en Almer\u00eda | NexaDrone","description":"Servicio profesional de consultor\u00eda de drones. Te asesoramos en normativa, permisos, planificaci\u00f3n de vuelos y gesti\u00f3n de operaciones a\u00e9reas.","robots":{"index":"index","follow":"follow","max-snippet":"max-snippet:-1","max-image-preview":"max-image-preview:large","max-video-preview":"max-video-preview:-1"},"canonical":"https:\/\/nexadrone-jr7qzgyq3f.live-website.com\/consultoria-de-drones\/","og_locale":"en_US","og_type":"article","og_title":"Consultor\u00eda de drones en Almer\u00eda | NexaDrone","og_description":"Servicio profesional de consultor\u00eda de drones. Te asesoramos en normativa, permisos, planificaci\u00f3n de vuelos y gesti\u00f3n de operaciones a\u00e9reas.","og_url":"https:\/\/nexadrone-jr7qzgyq3f.live-website.com\/consultoria-de-drones\/","og_site_name":"NexaDrone","article_modified_time":"2025-11-20T09:45:32+00:00","twitter_card":"summary_large_image","twitter_misc":{"Est. reading time":"3 minutes"},"schema":{"@context":"https:\/\/schema.org","@graph":[{"@type":"WebPage","@id":"https:\/\/nexadrone-jr7qzgyq3f.live-website.com\/consultoria-de-drones\/","url":"https:\/\/nexadrone-jr7qzgyq3f.live-website.com\/consultoria-de-drones\/","name":"Consultor\u00eda de drones en Almer\u00eda | NexaDrone","isPartOf":{"@id":"https:\/\/nexadrone.es\/#website"},"datePublished":"2025-11-19T12:04:10+00:00","dateModified":"2025-11-20T09:45:32+00:00","description":"Servicio profesional de consultor\u00eda de drones. Te asesoramos en normativa, permisos, planificaci\u00f3n de vuelos y gesti\u00f3n de operaciones a\u00e9reas.","breadcrumb":{"@id":"https:\/\/nexadrone-jr7qzgyq3f.live-website.com\/consultoria-de-drones\/#breadcrumb"},"inLanguage":"en-US","potentialAction":[{"@type":"ReadAction","target":["https:\/\/nexadrone-jr7qzgyq3f.live-website.com\/consultoria-de-drones\/"]}]},{"@type":"BreadcrumbList","@id":"https:\/\/nexadrone-jr7qzgyq3f.live-website.com\/consultoria-de-drones\/#breadcrumb","itemListElement":[{"@type":"ListItem","position":1,"name":"Portada","item":"https:\/\/nexadrone.es\/"},{"@type":"ListItem","position":2,"name":"Consultor\u00eda"}]},{"@type":"WebSite","@id":"https:\/\/nexadrone.es\/#website","url":"https:\/\/nexadrone.es\/","name":"NexaDrone","description":"","potentialAction":[{"@type":"SearchAction","target":{"@type":"EntryPoint","urlTemplate":"https:\/\/nexadrone.es\/?s={search_term_string}"},"query-input":{"@type":"PropertyValueSpecification","valueRequired":true,"valueName":"search_term_string"}}],"inLanguage":"en-US"}]}},"_links":{"self":[{"href":"https:\/\/nexadrone.es\/en\/wp-json\/wp\/v2\/pages\/13357","targetHints":{"allow":["GET"]}}],"collection":[{"href":"https:\/\/nexadrone.es\/en\/wp-json\/wp\/v2\/pages"}],"about":[{"href":"https:\/\/nexadrone.es\/en\/wp-json\/wp\/v2\/types\/page"}],"author":[{"embeddable":true,"href":"https:\/\/nexadrone.es\/en\/wp-json\/wp\/v2\/users\/2"}],"replies":[{"embeddable":true,"href":"https:\/\/nexadrone.es\/en\/wp-json\/wp\/v2\/comments?post=13357"}],"version-history":[{"count":16,"href":"https:\/\/nexadrone.es\/en\/wp-json\/wp\/v2\/pages\/13357\/revisions"}],"predecessor-version":[{"id":13468,"href":"https:\/\/nexadrone.es\/en\/wp-json\/wp\/v2\/pages\/13357\/revisions\/13468"}],"wp:attachment":[{"href":"https:\/\/nexadrone.es\/en\/wp-json\/wp\/v2\/media?parent=13357"}],"curies":[{"name":"wp","href":"https:\/\/api.w.org\/{rel}","templated":true}]}}