{"id":13563,"date":"2026-01-28T20:53:31","date_gmt":"2026-01-28T19:53:31","guid":{"rendered":"https:\/\/nexadrone.es\/?page_id=13563"},"modified":"2026-01-28T21:02:14","modified_gmt":"2026-01-28T20:02:14","slug":"aviso-legal","status":"publish","type":"page","link":"https:\/\/nexadrone.es\/en\/aviso-legal\/","title":{"rendered":"Aviso legal"},"content":{"rendered":"<div data-elementor-type=\"wp-page\" data-elementor-id=\"13563\" class=\"elementor elementor-13563\">\n\t\t\t\t<div class=\"elementor-element elementor-element-ddd0dd0 e-flex e-con-boxed e-con e-parent\" data-id=\"ddd0dd0\" data-element_type=\"container\" data-e-type=\"container\">\n\t\t\t\t\t<div class=\"e-con-inner\">\n\t\t\t\t\t<\/div>\n\t\t\t\t<\/div>\n\t\t<div class=\"elementor-element elementor-element-0537bcd e-flex e-con-boxed e-con e-parent\" data-id=\"0537bcd\" data-element_type=\"container\" data-e-type=\"container\">\n\t\t\t\t\t<div class=\"e-con-inner\">\n\t\t\t\t<div class=\"elementor-element elementor-element-80f172f elementor-widget elementor-widget-heading\" data-id=\"80f172f\" data-element_type=\"widget\" data-e-type=\"widget\" data-widget_type=\"heading.default\">\n\t\t\t\t\t<h3 class=\"elementor-heading-title elementor-size-default\">Introducci\u00f3n<\/h3>\t\t\t\t<\/div>\n\t\t\t\t<div class=\"elementor-element elementor-element-7567f0a elementor-widget-divider--view-line elementor-widget elementor-widget-divider\" data-id=\"7567f0a\" data-element_type=\"widget\" data-e-type=\"widget\" data-widget_type=\"divider.default\">\n\t\t\t\t\t\t\t<div class=\"elementor-divider\">\n\t\t\t<span class=\"elementor-divider-separator\">\n\t\t\t\t\t\t<\/span>\n\t\t<\/div>\n\t\t\t\t\t\t<\/div>\n\t\t\t\t<div class=\"elementor-element elementor-element-2785cea elementor-widget elementor-widget-text-editor\" data-id=\"2785cea\" data-element_type=\"widget\" data-e-type=\"widget\" data-widget_type=\"text-editor.default\">\n\t\t\t\t\t\t\t\t\t<p>En cumplimiento de la Ley 34\/2002, de 11 de julio, de Servicios de la Sociedad de la Informaci\u00f3n y de Comercio Electr\u00f3nico (LSSI-CE), se informa a los usuarios que el presente sitio web es titularidad de ANTONIO JESUS GARCIA GOMEZ.<\/p>\t\t\t\t\t\t\t\t<\/div>\n\t\t\t\t\t<\/div>\n\t\t\t\t<\/div>\n\t\t<div class=\"elementor-element elementor-element-68f06a4 e-flex e-con-boxed e-con e-parent\" data-id=\"68f06a4\" data-element_type=\"container\" data-e-type=\"container\">\n\t\t\t\t\t<div class=\"e-con-inner\">\n\t\t\t\t<div class=\"elementor-element elementor-element-b4b16a6 elementor-widget elementor-widget-heading\" data-id=\"b4b16a6\" data-element_type=\"widget\" data-e-type=\"widget\" data-widget_type=\"heading.default\">\n\t\t\t\t\t<h3 class=\"elementor-heading-title elementor-size-default\">Titular del sitio web<\/h3>\t\t\t\t<\/div>\n\t\t\t\t<div class=\"elementor-element elementor-element-d76dfcd elementor-widget-divider--view-line elementor-widget elementor-widget-divider\" data-id=\"d76dfcd\" data-element_type=\"widget\" data-e-type=\"widget\" data-widget_type=\"divider.default\">\n\t\t\t\t\t\t\t<div class=\"elementor-divider\">\n\t\t\t<span class=\"elementor-divider-separator\">\n\t\t\t\t\t\t<\/span>\n\t\t<\/div>\n\t\t\t\t\t\t<\/div>\n\t\t\t\t<div class=\"elementor-element elementor-element-3239a26 elementor-widget elementor-widget-text-editor\" data-id=\"3239a26\" data-element_type=\"widget\" data-e-type=\"widget\" data-widget_type=\"text-editor.default\">\n\t\t\t\t\t\t\t\t\t<ul><li data-start=\"1159\" data-end=\"1203\"><p data-start=\"1161\" data-end=\"1203\"><strong>Raz\u00f3n social:<\/strong> ANTONIO JESUS GARCIA GOMEZ<\/p><\/li><li data-start=\"1204\" data-end=\"1222\"><p data-start=\"1206\" data-end=\"1222\"><strong>NIF:<\/strong> 76630729L<\/p><\/li><li data-start=\"1223\" data-end=\"1283\"><p data-start=\"1225\" data-end=\"1283\"><strong>Domicilio:<\/strong> JOS\u00c9 MA\u00d1AS, 6, G\u00c1DOR, 04560, ALMER\u00cdA (Espa\u00f1a)<\/p><\/li><li data-start=\"1284\" data-end=\"1326\"><p data-start=\"1286\" data-end=\"1326\"><strong>Correo electr\u00f3nico:<\/strong> <a class=\"decorated-link cursor-pointer\" rel=\"noopener\" data-start=\"1306\" data-end=\"1324\">info@nexadrone.es<\/a><\/p><\/li><li data-start=\"1327\" data-end=\"1352\"><p data-start=\"1329\" data-end=\"1352\"><strong>Tel\u00e9fono:<\/strong> 630 768 016<\/p><\/li><li data-start=\"1353\" data-end=\"1390\"><p data-start=\"1355\" data-end=\"1390\"><strong>Dominio web:<\/strong> <a class=\"decorated-link\" href=\"https:\/\/nexadrone.es\/en\/\" target=\"_new\" rel=\"noopener\" data-start=\"1368\" data-end=\"1388\">https:\/\/nexadrone.es<\/a><\/p><\/li><\/ul>\t\t\t\t\t\t\t\t<\/div>\n\t\t\t\t\t<\/div>\n\t\t\t\t<\/div>\n\t\t<div class=\"elementor-element elementor-element-64fe694 e-flex e-con-boxed e-con e-parent\" data-id=\"64fe694\" data-element_type=\"container\" data-e-type=\"container\">\n\t\t\t\t\t<div class=\"e-con-inner\">\n\t\t\t\t<div class=\"elementor-element elementor-element-e9f84ce elementor-widget elementor-widget-heading\" data-id=\"e9f84ce\" data-element_type=\"widget\" data-e-type=\"widget\" data-widget_type=\"heading.default\">\n\t\t\t\t\t<h3 class=\"elementor-heading-title elementor-size-default\">Condici\u00f3n de usuario<\/h3>\t\t\t\t<\/div>\n\t\t\t\t<div class=\"elementor-element elementor-element-30ebae5 elementor-widget-divider--view-line elementor-widget elementor-widget-divider\" data-id=\"30ebae5\" data-element_type=\"widget\" data-e-type=\"widget\" data-widget_type=\"divider.default\">\n\t\t\t\t\t\t\t<div class=\"elementor-divider\">\n\t\t\t<span class=\"elementor-divider-separator\">\n\t\t\t\t\t\t<\/span>\n\t\t<\/div>\n\t\t\t\t\t\t<\/div>\n\t\t\t\t<div class=\"elementor-element elementor-element-23a8223 elementor-widget elementor-widget-text-editor\" data-id=\"23a8223\" data-element_type=\"widget\" data-e-type=\"widget\" data-widget_type=\"text-editor.default\">\n\t\t\t\t\t\t\t\t\t<ul><li data-start=\"1159\" data-end=\"1203\"><p data-start=\"1161\" data-end=\"1203\">La navegaci\u00f3n, acceso y uso del sitio web confiere la condici\u00f3n de usuario, lo que implica la aceptaci\u00f3n plena y sin reservas de todas las disposiciones incluidas en el presente Aviso Legal.<\/p><\/li><li data-start=\"1353\" data-end=\"1390\">\u00a0<\/li><\/ul>\t\t\t\t\t\t\t\t<\/div>\n\t\t\t\t\t<\/div>\n\t\t\t\t<\/div>\n\t\t<div class=\"elementor-element elementor-element-fb4c8c8 e-flex e-con-boxed e-con e-parent\" data-id=\"fb4c8c8\" data-element_type=\"container\" data-e-type=\"container\">\n\t\t\t\t\t<div class=\"e-con-inner\">\n\t\t\t\t<div class=\"elementor-element elementor-element-2b9b9b8 elementor-widget elementor-widget-heading\" data-id=\"2b9b9b8\" data-element_type=\"widget\" data-e-type=\"widget\" data-widget_type=\"heading.default\">\n\t\t\t\t\t<h3 class=\"elementor-heading-title elementor-size-default\">Responsabilidad del usuario<\/h3>\t\t\t\t<\/div>\n\t\t\t\t<div class=\"elementor-element elementor-element-95fe28b elementor-widget-divider--view-line elementor-widget elementor-widget-divider\" data-id=\"95fe28b\" data-element_type=\"widget\" data-e-type=\"widget\" data-widget_type=\"divider.default\">\n\t\t\t\t\t\t\t<div class=\"elementor-divider\">\n\t\t\t<span class=\"elementor-divider-separator\">\n\t\t\t\t\t\t<\/span>\n\t\t<\/div>\n\t\t\t\t\t\t<\/div>\n\t\t\t\t<div class=\"elementor-element elementor-element-e7608af elementor-widget elementor-widget-text-editor\" data-id=\"e7608af\" data-element_type=\"widget\" data-e-type=\"widget\" data-widget_type=\"text-editor.default\">\n\t\t\t\t\t\t\t\t\t<ul><li data-start=\"1159\" data-end=\"1203\"><p data-start=\"1161\" data-end=\"1203\">El usuario se compromete a hacer un uso adecuado de los contenidos y servicios del sitio web, y a no emplearlos para actividades il\u00edcitas, contrarias a la ley, a la moral o al orden p\u00fablico.<\/p><\/li><li data-start=\"1353\" data-end=\"1390\">\u00a0<\/li><\/ul>\t\t\t\t\t\t\t\t<\/div>\n\t\t\t\t\t<\/div>\n\t\t\t\t<\/div>\n\t\t<div class=\"elementor-element elementor-element-9e83e71 e-flex e-con-boxed e-con e-parent\" data-id=\"9e83e71\" data-element_type=\"container\" data-e-type=\"container\">\n\t\t\t\t\t<div class=\"e-con-inner\">\n\t\t\t\t<div class=\"elementor-element elementor-element-435329a elementor-widget elementor-widget-heading\" data-id=\"435329a\" data-element_type=\"widget\" data-e-type=\"widget\" data-widget_type=\"heading.default\">\n\t\t\t\t\t<h3 class=\"elementor-heading-title elementor-size-default\">Pol\u00edtica de enlaces y exenciones de responsabilidad<\/h3>\t\t\t\t<\/div>\n\t\t\t\t<div class=\"elementor-element elementor-element-74a3165 elementor-widget-divider--view-line elementor-widget elementor-widget-divider\" data-id=\"74a3165\" data-element_type=\"widget\" data-e-type=\"widget\" data-widget_type=\"divider.default\">\n\t\t\t\t\t\t\t<div class=\"elementor-divider\">\n\t\t\t<span class=\"elementor-divider-separator\">\n\t\t\t\t\t\t<\/span>\n\t\t<\/div>\n\t\t\t\t\t\t<\/div>\n\t\t\t\t<div class=\"elementor-element elementor-element-0987b04 elementor-widget elementor-widget-text-editor\" data-id=\"0987b04\" data-element_type=\"widget\" data-e-type=\"widget\" data-widget_type=\"text-editor.default\">\n\t\t\t\t\t\t\t\t\t<ul><li data-start=\"1159\" data-end=\"1203\"><p data-start=\"1161\" data-end=\"1203\">El titular no se hace responsable de los contenidos de los sitios web de terceros a los que se pueda acceder mediante enlaces desde este sitio web, siempre que no tenga conocimiento efectivo de que la actividad o informaci\u00f3n es il\u00edcita.<\/p><\/li><li data-start=\"1353\" data-end=\"1390\">\u00a0<\/li><\/ul>\t\t\t\t\t\t\t\t<\/div>\n\t\t\t\t\t<\/div>\n\t\t\t\t<\/div>\n\t\t<div class=\"elementor-element elementor-element-22aedef e-flex e-con-boxed e-con e-parent\" data-id=\"22aedef\" data-element_type=\"container\" data-e-type=\"container\">\n\t\t\t\t\t<div class=\"e-con-inner\">\n\t\t\t\t<div class=\"elementor-element elementor-element-e7af375 elementor-widget elementor-widget-heading\" data-id=\"e7af375\" data-element_type=\"widget\" data-e-type=\"widget\" data-widget_type=\"heading.default\">\n\t\t\t\t\t<h3 class=\"elementor-heading-title elementor-size-default\">Disponibilidad del sitio web<\/h3>\t\t\t\t<\/div>\n\t\t\t\t<div class=\"elementor-element elementor-element-86796b7 elementor-widget-divider--view-line elementor-widget elementor-widget-divider\" data-id=\"86796b7\" data-element_type=\"widget\" data-e-type=\"widget\" data-widget_type=\"divider.default\">\n\t\t\t\t\t\t\t<div class=\"elementor-divider\">\n\t\t\t<span class=\"elementor-divider-separator\">\n\t\t\t\t\t\t<\/span>\n\t\t<\/div>\n\t\t\t\t\t\t<\/div>\n\t\t\t\t<div class=\"elementor-element elementor-element-2c27f4d elementor-widget elementor-widget-text-editor\" data-id=\"2c27f4d\" data-element_type=\"widget\" data-e-type=\"widget\" data-widget_type=\"text-editor.default\">\n\t\t\t\t\t\t\t\t\t<ul><li data-start=\"1159\" data-end=\"1203\"><p data-start=\"1161\" data-end=\"1203\">El titular no garantiza la disponibilidad continua del sitio web ni se hace responsable de los da\u00f1os que puedan derivarse de interferencias, interrupciones o fallos del sistema.<\/p><\/li><li data-start=\"1353\" data-end=\"1390\">\u00a0<\/li><\/ul>\t\t\t\t\t\t\t\t<\/div>\n\t\t\t\t\t<\/div>\n\t\t\t\t<\/div>\n\t\t<div class=\"elementor-element elementor-element-705af11 e-flex e-con-boxed e-con e-parent\" data-id=\"705af11\" data-element_type=\"container\" data-e-type=\"container\">\n\t\t\t\t\t<div class=\"e-con-inner\">\n\t\t\t\t<div class=\"elementor-element elementor-element-b29bbf3 elementor-widget elementor-widget-heading\" data-id=\"b29bbf3\" data-element_type=\"widget\" data-e-type=\"widget\" data-widget_type=\"heading.default\">\n\t\t\t\t\t<h3 class=\"elementor-heading-title elementor-size-default\">Modificaciones del contenido<\/h3>\t\t\t\t<\/div>\n\t\t\t\t<div class=\"elementor-element elementor-element-a408174 elementor-widget-divider--view-line elementor-widget elementor-widget-divider\" data-id=\"a408174\" data-element_type=\"widget\" data-e-type=\"widget\" data-widget_type=\"divider.default\">\n\t\t\t\t\t\t\t<div class=\"elementor-divider\">\n\t\t\t<span class=\"elementor-divider-separator\">\n\t\t\t\t\t\t<\/span>\n\t\t<\/div>\n\t\t\t\t\t\t<\/div>\n\t\t\t\t<div class=\"elementor-element elementor-element-f53d400 elementor-widget elementor-widget-text-editor\" data-id=\"f53d400\" data-element_type=\"widget\" data-e-type=\"widget\" data-widget_type=\"text-editor.default\">\n\t\t\t\t\t\t\t\t\t<ul><li data-start=\"1159\" data-end=\"1203\"><p data-start=\"1161\" data-end=\"1203\">El titular se reserva el derecho a modificar en cualquier momento y sin previo aviso la informaci\u00f3n contenida en el sitio web. Asegurando as\u00ed una continua actualizaci\u00f3n del mismo.<\/p><\/li><li data-start=\"1353\" data-end=\"1390\">\u00a0<\/li><\/ul>\t\t\t\t\t\t\t\t<\/div>\n\t\t\t\t\t<\/div>\n\t\t\t\t<\/div>\n\t\t<div class=\"elementor-element elementor-element-8cb65f0 e-flex e-con-boxed e-con e-parent\" data-id=\"8cb65f0\" data-element_type=\"container\" data-e-type=\"container\">\n\t\t\t\t\t<div class=\"e-con-inner\">\n\t\t\t\t<div class=\"elementor-element elementor-element-4493b49 elementor-widget elementor-widget-heading\" data-id=\"4493b49\" data-element_type=\"widget\" data-e-type=\"widget\" data-widget_type=\"heading.default\">\n\t\t\t\t\t<h3 class=\"elementor-heading-title elementor-size-default\">Propiedad intelectual e industrial<\/h3>\t\t\t\t<\/div>\n\t\t\t\t<div class=\"elementor-element elementor-element-de5a68b elementor-widget-divider--view-line elementor-widget elementor-widget-divider\" data-id=\"de5a68b\" data-element_type=\"widget\" data-e-type=\"widget\" data-widget_type=\"divider.default\">\n\t\t\t\t\t\t\t<div class=\"elementor-divider\">\n\t\t\t<span class=\"elementor-divider-separator\">\n\t\t\t\t\t\t<\/span>\n\t\t<\/div>\n\t\t\t\t\t\t<\/div>\n\t\t\t\t<div class=\"elementor-element elementor-element-7abd9ac elementor-widget elementor-widget-text-editor\" data-id=\"7abd9ac\" data-element_type=\"widget\" data-e-type=\"widget\" data-widget_type=\"text-editor.default\">\n\t\t\t\t\t\t\t\t\t<ul><li data-start=\"1159\" data-end=\"1203\"><p data-start=\"1161\" data-end=\"1203\">Todos los contenidos del sitio web (textos, im\u00e1genes, logotipos, dise\u00f1o, c\u00f3digo fuente, etc.) son titularidad del responsable o dispone de los derechos necesarios para su uso, quedando prohibida su reproducci\u00f3n sin autorizaci\u00f3n expresa.<\/p><\/li><li data-start=\"1353\" data-end=\"1390\">\u00a0<\/li><\/ul>\t\t\t\t\t\t\t\t<\/div>\n\t\t\t\t\t<\/div>\n\t\t\t\t<\/div>\n\t\t<div class=\"elementor-element elementor-element-886a855 e-flex e-con-boxed e-con e-parent\" data-id=\"886a855\" data-element_type=\"container\" data-e-type=\"container\">\n\t\t\t\t\t<div class=\"e-con-inner\">\n\t\t\t\t<div class=\"elementor-element elementor-element-141a66b elementor-widget elementor-widget-heading\" data-id=\"141a66b\" data-element_type=\"widget\" data-e-type=\"widget\" data-widget_type=\"heading.default\">\n\t\t\t\t\t<h3 class=\"elementor-heading-title elementor-size-default\">Acciones legales, legislaci\u00f3n aplicable y jurisdicci\u00f3n<\/h3>\t\t\t\t<\/div>\n\t\t\t\t<div class=\"elementor-element elementor-element-9eaba44 elementor-widget-divider--view-line elementor-widget elementor-widget-divider\" data-id=\"9eaba44\" data-element_type=\"widget\" data-e-type=\"widget\" data-widget_type=\"divider.default\">\n\t\t\t\t\t\t\t<div class=\"elementor-divider\">\n\t\t\t<span class=\"elementor-divider-separator\">\n\t\t\t\t\t\t<\/span>\n\t\t<\/div>\n\t\t\t\t\t\t<\/div>\n\t\t\t\t<div class=\"elementor-element elementor-element-a592b84 elementor-widget elementor-widget-text-editor\" data-id=\"a592b84\" data-element_type=\"widget\" data-e-type=\"widget\" data-widget_type=\"text-editor.default\">\n\t\t\t\t\t\t\t\t\t<ul><li data-start=\"1159\" data-end=\"1203\"><p data-start=\"1161\" data-end=\"1203\">La relaci\u00f3n entre el usuario y el titular se regir\u00e1 por la normativa espa\u00f1ola vigente. Para la resoluci\u00f3n de cualquier controversia, las partes se someter\u00e1n a los juzgados y tribunales que correspondan conforme a derecho.<\/p><\/li><li data-start=\"1353\" data-end=\"1390\">\u00a0<\/li><\/ul>\t\t\t\t\t\t\t\t<\/div>\n\t\t\t\t\t<\/div>\n\t\t\t\t<\/div>\n\t\t<div class=\"elementor-element elementor-element-999e734 e-flex e-con-boxed e-con e-parent\" data-id=\"999e734\" data-element_type=\"container\" data-e-type=\"container\">\n\t\t\t\t\t<div class=\"e-con-inner\">\n\t\t\t\t<div class=\"elementor-element elementor-element-977fd5c elementor-widget elementor-widget-heading\" data-id=\"977fd5c\" data-element_type=\"widget\" data-e-type=\"widget\" data-widget_type=\"heading.default\">\n\t\t\t\t\t<h3 class=\"elementor-heading-title elementor-size-default\">Fecha de actualizaci\u00f3n<\/h3>\t\t\t\t<\/div>\n\t\t\t\t<div class=\"elementor-element elementor-element-dcade8b elementor-widget-divider--view-line elementor-widget elementor-widget-divider\" data-id=\"dcade8b\" data-element_type=\"widget\" data-e-type=\"widget\" data-widget_type=\"divider.default\">\n\t\t\t\t\t\t\t<div class=\"elementor-divider\">\n\t\t\t<span class=\"elementor-divider-separator\">\n\t\t\t\t\t\t<\/span>\n\t\t<\/div>\n\t\t\t\t\t\t<\/div>\n\t\t\t\t<div class=\"elementor-element elementor-element-b6a9cb2 elementor-widget elementor-widget-text-editor\" data-id=\"b6a9cb2\" data-element_type=\"widget\" data-e-type=\"widget\" data-widget_type=\"text-editor.default\">\n\t\t\t\t\t\t\t\t\t<ul><li data-start=\"1159\" data-end=\"1203\"><p data-start=\"1161\" data-end=\"1203\"><strong>\u00daltima actualizaci\u00f3n:<\/strong> noviembre de 2025<\/p><\/li><li data-start=\"1353\" data-end=\"1390\">\u00a0<\/li><\/ul>\t\t\t\t\t\t\t\t<\/div>\n\t\t\t\t\t<\/div>\n\t\t\t\t<\/div>\n\t\t\t\t<\/div>","protected":false},"excerpt":{"rendered":"<p>Introducci\u00f3n En cumplimiento de la Ley 34\/2002, de 11 de julio, de Servicios de la Sociedad de la Informaci\u00f3n y de Comercio Electr\u00f3nico (LSSI-CE), se informa a los usuarios que el presente sitio web es titularidad de ANTONIO JESUS GARCIA GOMEZ. Titular del sitio web Raz\u00f3n social: ANTONIO JESUS GARCIA GOMEZ NIF: 76630729L Domicilio: JOS\u00c9 [&hellip;]<\/p>\n","protected":false},"author":2,"featured_media":0,"parent":0,"menu_order":0,"comment_status":"closed","ping_status":"closed","template":"","meta":{"_acf_changed":false,"footnotes":""},"class_list":["post-13563","page","type-page","status-publish","hentry"],"acf":[],"yoast_head":"<!-- This site is optimized with the Yoast SEO plugin v27.4 - https:\/\/yoast.com\/product\/yoast-seo-wordpress\/ -->\n<title>Aviso legal - NexaDrone<\/title>\n<meta name=\"robots\" content=\"index, follow, max-snippet:-1, max-image-preview:large, max-video-preview:-1\" \/>\n<link rel=\"canonical\" href=\"https:\/\/nexadrone.es\/en\/aviso-legal\/\" \/>\n<meta property=\"og:locale\" content=\"en_US\" \/>\n<meta property=\"og:type\" content=\"article\" \/>\n<meta property=\"og:title\" content=\"Aviso legal - NexaDrone\" \/>\n<meta property=\"og:description\" content=\"Introducci\u00f3n En cumplimiento de la Ley 34\/2002, de 11 de julio, de Servicios de la Sociedad de la Informaci\u00f3n y de Comercio Electr\u00f3nico (LSSI-CE), se informa a los usuarios que el presente sitio web es titularidad de ANTONIO JESUS GARCIA GOMEZ. Titular del sitio web Raz\u00f3n social: ANTONIO JESUS GARCIA GOMEZ NIF: 76630729L Domicilio: JOS\u00c9 [&hellip;]\" \/>\n<meta property=\"og:url\" content=\"https:\/\/nexadrone.es\/en\/aviso-legal\/\" \/>\n<meta property=\"og:site_name\" content=\"NexaDrone\" \/>\n<meta property=\"article:modified_time\" content=\"2026-01-28T20:02:14+00:00\" \/>\n<meta name=\"twitter:card\" content=\"summary_large_image\" \/>\n<meta name=\"twitter:label1\" content=\"Est. reading time\" \/>\n\t<meta name=\"twitter:data1\" content=\"2 minutes\" \/>\n<script type=\"application\/ld+json\" class=\"yoast-schema-graph\">{\"@context\":\"https:\\\/\\\/schema.org\",\"@graph\":[{\"@type\":\"WebPage\",\"@id\":\"https:\\\/\\\/nexadrone.es\\\/aviso-legal\\\/\",\"url\":\"https:\\\/\\\/nexadrone.es\\\/aviso-legal\\\/\",\"name\":\"Aviso legal - NexaDrone\",\"isPartOf\":{\"@id\":\"https:\\\/\\\/nexadrone.es\\\/#website\"},\"datePublished\":\"2026-01-28T19:53:31+00:00\",\"dateModified\":\"2026-01-28T20:02:14+00:00\",\"breadcrumb\":{\"@id\":\"https:\\\/\\\/nexadrone.es\\\/aviso-legal\\\/#breadcrumb\"},\"inLanguage\":\"en-US\",\"potentialAction\":[{\"@type\":\"ReadAction\",\"target\":[\"https:\\\/\\\/nexadrone.es\\\/aviso-legal\\\/\"]}]},{\"@type\":\"BreadcrumbList\",\"@id\":\"https:\\\/\\\/nexadrone.es\\\/aviso-legal\\\/#breadcrumb\",\"itemListElement\":[{\"@type\":\"ListItem\",\"position\":1,\"name\":\"Portada\",\"item\":\"https:\\\/\\\/nexadrone.es\\\/\"},{\"@type\":\"ListItem\",\"position\":2,\"name\":\"Aviso legal\"}]},{\"@type\":\"WebSite\",\"@id\":\"https:\\\/\\\/nexadrone.es\\\/#website\",\"url\":\"https:\\\/\\\/nexadrone.es\\\/\",\"name\":\"NexaDrone\",\"description\":\"\",\"potentialAction\":[{\"@type\":\"SearchAction\",\"target\":{\"@type\":\"EntryPoint\",\"urlTemplate\":\"https:\\\/\\\/nexadrone.es\\\/?s={search_term_string}\"},\"query-input\":{\"@type\":\"PropertyValueSpecification\",\"valueRequired\":true,\"valueName\":\"search_term_string\"}}],\"inLanguage\":\"en-US\"}]}<\/script>\n<!-- \/ Yoast SEO plugin. -->","yoast_head_json":{"title":"Aviso legal - NexaDrone","robots":{"index":"index","follow":"follow","max-snippet":"max-snippet:-1","max-image-preview":"max-image-preview:large","max-video-preview":"max-video-preview:-1"},"canonical":"https:\/\/nexadrone.es\/en\/aviso-legal\/","og_locale":"en_US","og_type":"article","og_title":"Aviso legal - NexaDrone","og_description":"Introducci\u00f3n En cumplimiento de la Ley 34\/2002, de 11 de julio, de Servicios de la Sociedad de la Informaci\u00f3n y de Comercio Electr\u00f3nico (LSSI-CE), se informa a los usuarios que el presente sitio web es titularidad de ANTONIO JESUS GARCIA GOMEZ. Titular del sitio web Raz\u00f3n social: ANTONIO JESUS GARCIA GOMEZ NIF: 76630729L Domicilio: JOS\u00c9 [&hellip;]","og_url":"https:\/\/nexadrone.es\/en\/aviso-legal\/","og_site_name":"NexaDrone","article_modified_time":"2026-01-28T20:02:14+00:00","twitter_card":"summary_large_image","twitter_misc":{"Est. reading time":"2 minutes"},"schema":{"@context":"https:\/\/schema.org","@graph":[{"@type":"WebPage","@id":"https:\/\/nexadrone.es\/aviso-legal\/","url":"https:\/\/nexadrone.es\/aviso-legal\/","name":"Aviso legal - NexaDrone","isPartOf":{"@id":"https:\/\/nexadrone.es\/#website"},"datePublished":"2026-01-28T19:53:31+00:00","dateModified":"2026-01-28T20:02:14+00:00","breadcrumb":{"@id":"https:\/\/nexadrone.es\/aviso-legal\/#breadcrumb"},"inLanguage":"en-US","potentialAction":[{"@type":"ReadAction","target":["https:\/\/nexadrone.es\/aviso-legal\/"]}]},{"@type":"BreadcrumbList","@id":"https:\/\/nexadrone.es\/aviso-legal\/#breadcrumb","itemListElement":[{"@type":"ListItem","position":1,"name":"Portada","item":"https:\/\/nexadrone.es\/"},{"@type":"ListItem","position":2,"name":"Aviso legal"}]},{"@type":"WebSite","@id":"https:\/\/nexadrone.es\/#website","url":"https:\/\/nexadrone.es\/","name":"NexaDrone","description":"","potentialAction":[{"@type":"SearchAction","target":{"@type":"EntryPoint","urlTemplate":"https:\/\/nexadrone.es\/?s={search_term_string}"},"query-input":{"@type":"PropertyValueSpecification","valueRequired":true,"valueName":"search_term_string"}}],"inLanguage":"en-US"}]}},"_links":{"self":[{"href":"https:\/\/nexadrone.es\/en\/wp-json\/wp\/v2\/pages\/13563","targetHints":{"allow":["GET"]}}],"collection":[{"href":"https:\/\/nexadrone.es\/en\/wp-json\/wp\/v2\/pages"}],"about":[{"href":"https:\/\/nexadrone.es\/en\/wp-json\/wp\/v2\/types\/page"}],"author":[{"embeddable":true,"href":"https:\/\/nexadrone.es\/en\/wp-json\/wp\/v2\/users\/2"}],"replies":[{"embeddable":true,"href":"https:\/\/nexadrone.es\/en\/wp-json\/wp\/v2\/comments?post=13563"}],"version-history":[{"count":4,"href":"https:\/\/nexadrone.es\/en\/wp-json\/wp\/v2\/pages\/13563\/revisions"}],"predecessor-version":[{"id":13567,"href":"https:\/\/nexadrone.es\/en\/wp-json\/wp\/v2\/pages\/13563\/revisions\/13567"}],"wp:attachment":[{"href":"https:\/\/nexadrone.es\/en\/wp-json\/wp\/v2\/media?parent=13563"}],"curies":[{"name":"wp","href":"https:\/\/api.w.org\/{rel}","templated":true}]}}