{"id":12207,"date":"2025-10-16T13:10:11","date_gmt":"2025-10-16T11:10:11","guid":{"rendered":"https:\/\/tonyjdrone.elultimoideario.com\/?post_type=product&#038;p=12207"},"modified":"2025-10-21T19:12:34","modified_gmt":"2025-10-21T17:12:34","slug":"dron-dji-matrice-4e","status":"publish","type":"product","link":"https:\/\/nexadrone.es\/en\/shop\/drones-nexadrone\/dji-matrice\/serie-dji-matrice-4\/dron-dji-matrice-4e\/","title":{"rendered":"DJI Matrice 4E"},"content":{"rendered":"<p data-start=\"565\" data-end=\"1046\">El DJI Matrice 4E Pack Plus es una soluci\u00f3n enterprise de alto nivel para funciones de topograf\u00eda, cartograf\u00eda, construcci\u00f3n y miner\u00eda. Esta plataforma incorpora un conjunto de sensores de alta calidad: c\u00e1mara gran angular 4\/3&#8243; de 20 MP (equivalente 24 mm, obturador mec\u00e1nico) para capturas precisas, una c\u00e1mara telefoto de 48 MP (equivalente 70 mm) y otra de 48 MP (equivalente 168 mm) para inspecciones a distancia.<\/p>\n<p data-start=\"1048\" data-end=\"1344\">Adem\u00e1s, el Matrice 4E ofrece un tiempo de vuelo de hasta <strong data-start=\"1105\" data-end=\"1119\">49 minutos<\/strong>, resistencia al viento de hasta 12 m\/s, posicionamiento GNSS + RTK con precisi\u00f3n centim\u00e9trica (1 cm + 1 ppm horizontal) y compatibilidad con flujos de trabajo de mapeado de alto nivel.<\/p>\n<p data-start=\"1346\" data-end=\"1595\">Gracias a la capacidad de captura oblicua \u201c5-direcciones\u201d, al modo \u201cSmart 3D Capture\u201d y a la correcci\u00f3n de distorsi\u00f3n de nivel milim\u00e9trico, el Matrice 4E permite aumentar la eficiencia de mapeo hasta un +40 %.<\/p>\n<p data-start=\"1597\" data-end=\"1849\">DJI Matrice 4E es ideal para entornos donde la precisi\u00f3n y el rendimiento son clave, este dron equipa interfaces modernas, sensores de evitaci\u00f3n, y prepara operaciones complejas sin necesidad de accesorios adicionales de terceros.<\/p>","protected":false},"excerpt":{"rendered":"<p><strong>Dron profesional<\/strong> pensado para topograf\u00eda, cartograf\u00eda y operaciones geoespaciales, con c\u00e1mara gran angular 4\/3-20 MP, telec\u00e1maras 48 MP, RTK, tiempo de vuelo de hasta 49 min y<strong> eficiencia de mapeo hasta un +40 %<\/strong><\/p>","protected":false},"featured_media":12213,"comment_status":"open","ping_status":"closed","template":"","meta":{"_acf_changed":false},"product_brand":[136],"product_cat":[135,151],"product_tag":[148,150,145,147,149,146,142],"class_list":{"0":"post-12207","1":"product","2":"type-product","3":"status-publish","4":"has-post-thumbnail","6":"product_brand-dji","7":"product_cat-drones-nexadrone","8":"product_cat-serie-dji-matrice-4","9":"product_tag-cartografia-dron","10":"product_tag-dji-enterprise","11":"product_tag-dron-termico","12":"product_tag-dron-topografia","13":"product_tag-inspeccion-construccion","14":"product_tag-matrice-4e","15":"product_tag-rtk","17":"first","18":"instock","19":"shipping-taxable","20":"purchasable","21":"product-type-simple"},"acf":[],"yoast_head":"<!-- This site is optimized with the Yoast SEO plugin v27.4 - https:\/\/yoast.com\/product\/yoast-seo-wordpress\/ -->\n<title>DJI Matrice 4E - NexaDrone<\/title>\n<meta name=\"description\" content=\"Dron DJI Matrice 4E con c\u00e1mara 4\/3 CMOS 20 MP. Im\u00e1genes estables, visi\u00f3n clara en baja luz y cartograf\u00eda precisa con m\u00e1xima seguridad de vuelo.\" \/>\n<meta name=\"robots\" content=\"index, follow, max-snippet:-1, max-image-preview:large, max-video-preview:-1\" \/>\n<link rel=\"canonical\" href=\"https:\/\/nexadrone-jr7qzgyq3f.live-website.com\/shop\/drones-nexadrone\/dji-matrice\/serie-dji-matrice-4\/dron-dji-matrice-4e\/\" \/>\n<meta property=\"og:locale\" content=\"en_US\" \/>\n<meta property=\"og:type\" content=\"article\" \/>\n<meta property=\"og:title\" content=\"DJI Matrice 4E - NexaDrone\" \/>\n<meta property=\"og:description\" content=\"Dron DJI Matrice 4E con c\u00e1mara 4\/3 CMOS 20 MP. Im\u00e1genes estables, visi\u00f3n clara en baja luz y cartograf\u00eda precisa con m\u00e1xima seguridad de vuelo.\" \/>\n<meta property=\"og:url\" content=\"https:\/\/nexadrone-jr7qzgyq3f.live-website.com\/shop\/drones-nexadrone\/dji-matrice\/serie-dji-matrice-4\/dron-dji-matrice-4e\/\" \/>\n<meta property=\"og:site_name\" content=\"NexaDrone\" \/>\n<meta property=\"article:modified_time\" content=\"2025-10-21T17:12:34+00:00\" \/>\n<meta property=\"og:image\" content=\"https:\/\/nexadrone-jr7qzgyq3f.live-website.com\/wp-content\/uploads\/2025\/10\/90850bffa850fb69e280ed073fa485c2@ultra.webp\" \/>\n\t<meta property=\"og:image:width\" content=\"1280\" \/>\n\t<meta property=\"og:image:height\" content=\"1280\" \/>\n\t<meta property=\"og:image:type\" content=\"image\/webp\" \/>\n<meta name=\"twitter:card\" content=\"summary_large_image\" \/>\n<meta name=\"twitter:label1\" content=\"Est. reading time\" \/>\n\t<meta name=\"twitter:data1\" content=\"2 minutes\" \/>\n<script type=\"application\/ld+json\" class=\"yoast-schema-graph\">{\"@context\":\"https:\\\/\\\/schema.org\",\"@graph\":[{\"@type\":\"WebPage\",\"@id\":\"https:\\\/\\\/nexadrone-jr7qzgyq3f.live-website.com\\\/shop\\\/drones-nexadrone\\\/dji-matrice\\\/serie-dji-matrice-4\\\/dron-dji-matrice-4e\\\/\",\"url\":\"https:\\\/\\\/nexadrone-jr7qzgyq3f.live-website.com\\\/shop\\\/drones-nexadrone\\\/dji-matrice\\\/serie-dji-matrice-4\\\/dron-dji-matrice-4e\\\/\",\"name\":\"DJI Matrice 4E - NexaDrone\",\"isPartOf\":{\"@id\":\"https:\\\/\\\/nexadrone.es\\\/#website\"},\"primaryImageOfPage\":{\"@id\":\"https:\\\/\\\/nexadrone-jr7qzgyq3f.live-website.com\\\/shop\\\/drones-nexadrone\\\/dji-matrice\\\/serie-dji-matrice-4\\\/dron-dji-matrice-4e\\\/#primaryimage\"},\"image\":{\"@id\":\"https:\\\/\\\/nexadrone-jr7qzgyq3f.live-website.com\\\/shop\\\/drones-nexadrone\\\/dji-matrice\\\/serie-dji-matrice-4\\\/dron-dji-matrice-4e\\\/#primaryimage\"},\"thumbnailUrl\":\"https:\\\/\\\/nexadrone.es\\\/wp-content\\\/uploads\\\/2025\\\/10\\\/90850bffa850fb69e280ed073fa485c2@ultra.webp\",\"datePublished\":\"2025-10-16T11:10:11+00:00\",\"dateModified\":\"2025-10-21T17:12:34+00:00\",\"description\":\"Dron DJI Matrice 4E con c\u00e1mara 4\\\/3 CMOS 20 MP. Im\u00e1genes estables, visi\u00f3n clara en baja luz y cartograf\u00eda precisa con m\u00e1xima seguridad de vuelo.\",\"breadcrumb\":{\"@id\":\"https:\\\/\\\/nexadrone-jr7qzgyq3f.live-website.com\\\/shop\\\/drones-nexadrone\\\/dji-matrice\\\/serie-dji-matrice-4\\\/dron-dji-matrice-4e\\\/#breadcrumb\"},\"inLanguage\":\"en-US\",\"potentialAction\":[{\"@type\":\"ReadAction\",\"target\":[\"https:\\\/\\\/nexadrone-jr7qzgyq3f.live-website.com\\\/shop\\\/drones-nexadrone\\\/dji-matrice\\\/serie-dji-matrice-4\\\/dron-dji-matrice-4e\\\/\"]}]},{\"@type\":\"ImageObject\",\"inLanguage\":\"en-US\",\"@id\":\"https:\\\/\\\/nexadrone-jr7qzgyq3f.live-website.com\\\/shop\\\/drones-nexadrone\\\/dji-matrice\\\/serie-dji-matrice-4\\\/dron-dji-matrice-4e\\\/#primaryimage\",\"url\":\"https:\\\/\\\/nexadrone.es\\\/wp-content\\\/uploads\\\/2025\\\/10\\\/90850bffa850fb69e280ed073fa485c2@ultra.webp\",\"contentUrl\":\"https:\\\/\\\/nexadrone.es\\\/wp-content\\\/uploads\\\/2025\\\/10\\\/90850bffa850fb69e280ed073fa485c2@ultra.webp\",\"width\":1280,\"height\":1280,\"caption\":\"dron-DJI Matrice 4E\"},{\"@type\":\"BreadcrumbList\",\"@id\":\"https:\\\/\\\/nexadrone-jr7qzgyq3f.live-website.com\\\/shop\\\/drones-nexadrone\\\/dji-matrice\\\/serie-dji-matrice-4\\\/dron-dji-matrice-4e\\\/#breadcrumb\",\"itemListElement\":[{\"@type\":\"ListItem\",\"position\":1,\"name\":\"Portada\",\"item\":\"https:\\\/\\\/nexadrone.es\\\/\"},{\"@type\":\"ListItem\",\"position\":2,\"name\":\"Tienda\",\"item\":\"https:\\\/\\\/nexadrone-jr7qzgyq3f.live-website.com\\\/tienda\\\/\"},{\"@type\":\"ListItem\",\"position\":3,\"name\":\"DJI Matrice 4E Pack Plus\"}]},{\"@type\":\"WebSite\",\"@id\":\"https:\\\/\\\/nexadrone.es\\\/#website\",\"url\":\"https:\\\/\\\/nexadrone.es\\\/\",\"name\":\"NexaDrone\",\"description\":\"\",\"potentialAction\":[{\"@type\":\"SearchAction\",\"target\":{\"@type\":\"EntryPoint\",\"urlTemplate\":\"https:\\\/\\\/nexadrone.es\\\/?s={search_term_string}\"},\"query-input\":{\"@type\":\"PropertyValueSpecification\",\"valueRequired\":true,\"valueName\":\"search_term_string\"}}],\"inLanguage\":\"en-US\"}]}<\/script>\n<!-- \/ Yoast SEO plugin. -->","yoast_head_json":{"title":"DJI Matrice 4E - NexaDrone","description":"Dron DJI Matrice 4E con c\u00e1mara 4\/3 CMOS 20 MP. Im\u00e1genes estables, visi\u00f3n clara en baja luz y cartograf\u00eda precisa con m\u00e1xima seguridad de vuelo.","robots":{"index":"index","follow":"follow","max-snippet":"max-snippet:-1","max-image-preview":"max-image-preview:large","max-video-preview":"max-video-preview:-1"},"canonical":"https:\/\/nexadrone-jr7qzgyq3f.live-website.com\/shop\/drones-nexadrone\/dji-matrice\/serie-dji-matrice-4\/dron-dji-matrice-4e\/","og_locale":"en_US","og_type":"article","og_title":"DJI Matrice 4E - NexaDrone","og_description":"Dron DJI Matrice 4E con c\u00e1mara 4\/3 CMOS 20 MP. Im\u00e1genes estables, visi\u00f3n clara en baja luz y cartograf\u00eda precisa con m\u00e1xima seguridad de vuelo.","og_url":"https:\/\/nexadrone-jr7qzgyq3f.live-website.com\/shop\/drones-nexadrone\/dji-matrice\/serie-dji-matrice-4\/dron-dji-matrice-4e\/","og_site_name":"NexaDrone","article_modified_time":"2025-10-21T17:12:34+00:00","og_image":[{"width":1280,"height":1280,"url":"https:\/\/nexadrone-jr7qzgyq3f.live-website.com\/wp-content\/uploads\/2025\/10\/90850bffa850fb69e280ed073fa485c2@ultra.webp","type":"image\/webp"}],"twitter_card":"summary_large_image","twitter_misc":{"Est. reading time":"2 minutes"},"schema":{"@context":"https:\/\/schema.org","@graph":[{"@type":"WebPage","@id":"https:\/\/nexadrone-jr7qzgyq3f.live-website.com\/shop\/drones-nexadrone\/dji-matrice\/serie-dji-matrice-4\/dron-dji-matrice-4e\/","url":"https:\/\/nexadrone-jr7qzgyq3f.live-website.com\/shop\/drones-nexadrone\/dji-matrice\/serie-dji-matrice-4\/dron-dji-matrice-4e\/","name":"DJI Matrice 4E - NexaDrone","isPartOf":{"@id":"https:\/\/nexadrone.es\/#website"},"primaryImageOfPage":{"@id":"https:\/\/nexadrone-jr7qzgyq3f.live-website.com\/shop\/drones-nexadrone\/dji-matrice\/serie-dji-matrice-4\/dron-dji-matrice-4e\/#primaryimage"},"image":{"@id":"https:\/\/nexadrone-jr7qzgyq3f.live-website.com\/shop\/drones-nexadrone\/dji-matrice\/serie-dji-matrice-4\/dron-dji-matrice-4e\/#primaryimage"},"thumbnailUrl":"https:\/\/nexadrone.es\/wp-content\/uploads\/2025\/10\/90850bffa850fb69e280ed073fa485c2@ultra.webp","datePublished":"2025-10-16T11:10:11+00:00","dateModified":"2025-10-21T17:12:34+00:00","description":"Dron DJI Matrice 4E con c\u00e1mara 4\/3 CMOS 20 MP. Im\u00e1genes estables, visi\u00f3n clara en baja luz y cartograf\u00eda precisa con m\u00e1xima seguridad de vuelo.","breadcrumb":{"@id":"https:\/\/nexadrone-jr7qzgyq3f.live-website.com\/shop\/drones-nexadrone\/dji-matrice\/serie-dji-matrice-4\/dron-dji-matrice-4e\/#breadcrumb"},"inLanguage":"en-US","potentialAction":[{"@type":"ReadAction","target":["https:\/\/nexadrone-jr7qzgyq3f.live-website.com\/shop\/drones-nexadrone\/dji-matrice\/serie-dji-matrice-4\/dron-dji-matrice-4e\/"]}]},{"@type":"ImageObject","inLanguage":"en-US","@id":"https:\/\/nexadrone-jr7qzgyq3f.live-website.com\/shop\/drones-nexadrone\/dji-matrice\/serie-dji-matrice-4\/dron-dji-matrice-4e\/#primaryimage","url":"https:\/\/nexadrone.es\/wp-content\/uploads\/2025\/10\/90850bffa850fb69e280ed073fa485c2@ultra.webp","contentUrl":"https:\/\/nexadrone.es\/wp-content\/uploads\/2025\/10\/90850bffa850fb69e280ed073fa485c2@ultra.webp","width":1280,"height":1280,"caption":"dron-DJI Matrice 4E"},{"@type":"BreadcrumbList","@id":"https:\/\/nexadrone-jr7qzgyq3f.live-website.com\/shop\/drones-nexadrone\/dji-matrice\/serie-dji-matrice-4\/dron-dji-matrice-4e\/#breadcrumb","itemListElement":[{"@type":"ListItem","position":1,"name":"Portada","item":"https:\/\/nexadrone.es\/"},{"@type":"ListItem","position":2,"name":"Tienda","item":"https:\/\/nexadrone-jr7qzgyq3f.live-website.com\/tienda\/"},{"@type":"ListItem","position":3,"name":"DJI Matrice 4E Pack Plus"}]},{"@type":"WebSite","@id":"https:\/\/nexadrone.es\/#website","url":"https:\/\/nexadrone.es\/","name":"NexaDrone","description":"","potentialAction":[{"@type":"SearchAction","target":{"@type":"EntryPoint","urlTemplate":"https:\/\/nexadrone.es\/?s={search_term_string}"},"query-input":{"@type":"PropertyValueSpecification","valueRequired":true,"valueName":"search_term_string"}}],"inLanguage":"en-US"}]}},"_links":{"self":[{"href":"https:\/\/nexadrone.es\/en\/wp-json\/wp\/v2\/product\/12207","targetHints":{"allow":["GET"]}}],"collection":[{"href":"https:\/\/nexadrone.es\/en\/wp-json\/wp\/v2\/product"}],"about":[{"href":"https:\/\/nexadrone.es\/en\/wp-json\/wp\/v2\/types\/product"}],"replies":[{"embeddable":true,"href":"https:\/\/nexadrone.es\/en\/wp-json\/wp\/v2\/comments?post=12207"}],"version-history":[{"count":4,"href":"https:\/\/nexadrone.es\/en\/wp-json\/wp\/v2\/product\/12207\/revisions"}],"predecessor-version":[{"id":12353,"href":"https:\/\/nexadrone.es\/en\/wp-json\/wp\/v2\/product\/12207\/revisions\/12353"}],"wp:featuredmedia":[{"embeddable":true,"href":"https:\/\/nexadrone.es\/en\/wp-json\/wp\/v2\/media\/12213"}],"wp:attachment":[{"href":"https:\/\/nexadrone.es\/en\/wp-json\/wp\/v2\/media?parent=12207"}],"wp:term":[{"taxonomy":"product_brand","embeddable":true,"href":"https:\/\/nexadrone.es\/en\/wp-json\/wp\/v2\/product_brand?post=12207"},{"taxonomy":"product_cat","embeddable":true,"href":"https:\/\/nexadrone.es\/en\/wp-json\/wp\/v2\/product_cat?post=12207"},{"taxonomy":"product_tag","embeddable":true,"href":"https:\/\/nexadrone.es\/en\/wp-json\/wp\/v2\/product_tag?post=12207"}],"curies":[{"name":"wp","href":"https:\/\/api.w.org\/{rel}","templated":true}]}}