{"id":12341,"date":"2025-10-20T14:33:27","date_gmt":"2025-10-20T12:33:27","guid":{"rendered":"https:\/\/tonyjdrone.elultimoideario.com\/?post_type=product&#038;p=12341"},"modified":"2025-11-19T18:21:54","modified_gmt":"2025-11-19T17:21:54","slug":"dji-matrice-4t","status":"publish","type":"product","link":"https:\/\/nexadrone.es\/en\/shop\/drones-nexadrone\/dji-matrice\/serie-dji-matrice-4\/dji-matrice-4t\/","title":{"rendered":"DJI Matrice 4T"},"content":{"rendered":"<p data-start=\"685\" data-end=\"929\">El <strong data-start=\"712\" data-end=\"730\">DJI Matrice 4T<\/strong> es un dron enterprise compacto e inteligente dise\u00f1ado para operaciones cr\u00edticas (seguridad p\u00fablica, emergencias, inspecci\u00f3n de redes, conservaci\u00f3n, etc.). Incorpora un sistema <strong data-start=\"907\" data-end=\"922\">multisensor<\/strong> con:<\/p>\n<ul data-start=\"930\" data-end=\"1687\">\n<li data-start=\"930\" data-end=\"982\">\n<p class=\"text-ms-20 style__icon-title___2ZaL_\"><strong>C\u00e1mara gran angular<\/strong> CMOS de 1\/1.3\u2033, 48 MP de p\u00edxeles efectivos, f\/1.7, formato equivalente: 24 mm<\/p>\n<\/li>\n<li data-start=\"983\" data-end=\"1032\">\n<p data-start=\"985\" data-end=\"1032\"><strong data-start=\"985\" data-end=\"1018\">Telec\u00e1mara media <\/strong>CMOS de 1\/1.3\u2033, 48 MP de p\u00edxeles efectivos, f\/2.8, formato equivalente: 70 mm<\/p>\n<\/li>\n<li data-start=\"1033\" data-end=\"1120\">\n<p data-start=\"1035\" data-end=\"1120\"><strong data-start=\"1035\" data-end=\"1062\">Telec\u00e1mara <\/strong>CMOS de 1\/1.5\u2033, 48 MP de p\u00edxeles efectivos, f\/2.8, formato equivalente: 168 mm<\/p>\n<\/li>\n<li data-start=\"1033\" data-end=\"1120\"><strong>Tel\u00e9metro l\u00e1ser<\/strong> Rango de medici\u00f3n: 1800 m (1 Hz); rango de incidencia oblicua (distancia oblicua 1:5): 600 m (1 Hz) Zona ciega: 1 m; precisi\u00f3n de rango (m): \u00b1 (0.2 + 0.0015 \u00d7 D) <sup>[1]<\/sup><strong><sup> \u00a0<\/sup><\/strong><\/li>\n<li data-start=\"1033\" data-end=\"1120\"><strong><sup><strong style=\"font-size: 16px;\" data-start=\"1123\" data-end=\"1163\">C\u00e1mara t\u00e9rmica en DJI Matrice 4T 640\u00d7512, 12 \u03bcm, 30 Hz<\/strong><span style=\"font-size: 16px;\">, sensibilidad \u226450 mK, modos de medici\u00f3n puntual\/\u00e1rea y paletas t\u00e9rmicas.<\/span><br \/>\n<\/sup><\/strong>Suma <strong data-start=\"1244\" data-end=\"1264\">luz auxiliar NIR<\/strong> para entornos oscuros y <strong data-start=\"1289\" data-end=\"1324\">tel\u00e9metro l\u00e1ser de hasta 1800 m<\/strong> para medici\u00f3n precisa. Modo nocturno con ISO ampliado para capturas con poca luz. <strong data-start=\"1407\" data-end=\"1438\">Tiempo de vuelo m\u00e1x. 49 min<\/strong>, <strong data-start=\"1440\" data-end=\"1472\">resistencia al viento 12 m\/s<\/strong> y GNSS multi-constelaci\u00f3n con compatibilidad <strong data-start=\"1518\" data-end=\"1525\">RTK<\/strong> para alta precisi\u00f3n. V\u00eddeo hasta <strong data-start=\"1559\" data-end=\"1567\">4K30<\/strong>. Ideal para cartograf\u00eda t\u00e1ctica, b\u00fasqueda y rescate, inspecci\u00f3n industrial y m\u00e1s.<\/li>\n<\/ul>\n","protected":false},"excerpt":{"rendered":"<p>Dron multisensor para uso profesional con <strong data-start=\"364\" data-end=\"412\">c\u00e1maras gran angular\/tele\/tele media (48 MP)<\/strong>, <strong data-start=\"414\" data-end=\"448\">c\u00e1mara t\u00e9rmica 640\u00d7512 (30 Hz)<\/strong>, <strong data-start=\"450\" data-end=\"482\">tel\u00e9metro l\u00e1ser hasta 1800 m<\/strong>, <strong data-start=\"484\" data-end=\"504\">luz auxiliar NIR<\/strong> y <strong data-start=\"507\" data-end=\"534\">zoom h\u00edbrido hasta 112\u00d7<\/strong>. Optimizado para baja iluminaci\u00f3n y misiones de seguridad, inspecci\u00f3n y emergencia.<\/p>","protected":false},"featured_media":12342,"comment_status":"open","ping_status":"closed","template":"","meta":{"_acf_changed":false},"product_brand":[136],"product_cat":[135,151],"product_tag":[140,143,137,138,141,142,144,139],"class_list":{"0":"post-12341","1":"product","2":"type-product","3":"status-publish","4":"has-post-thumbnail","6":"product_brand-dji","7":"product_cat-drones-nexadrone","8":"product_cat-serie-dji-matrice-4","9":"product_tag-4k","10":"product_tag-inspeccion","11":"product_tag-matrice-4t","12":"product_tag-multisensor","13":"product_tag-nir","14":"product_tag-rtk","15":"product_tag-seguridad-publica","16":"product_tag-telemetro-laser","18":"first","19":"instock","20":"shipping-taxable","21":"purchasable","22":"product-type-simple"},"acf":[],"yoast_head":"<!-- This site is optimized with the Yoast SEO plugin v27.4 - https:\/\/yoast.com\/product\/yoast-seo-wordpress\/ -->\n<title>DJI Matrice 4T - NexaDrone<\/title>\n<meta name=\"description\" content=\"DJI Matrice 4T con c\u00e1maras 48 MP, t\u00e9rmica 640\u00d7512 (30 Hz), tel\u00e9metro l\u00e1ser 1800 m, NIR y zoom h\u00edbrido 112\u00d7. Hasta 49 min de vuelo y precisi\u00f3n RTK\" \/>\n<meta name=\"robots\" content=\"index, follow, max-snippet:-1, max-image-preview:large, max-video-preview:-1\" \/>\n<link rel=\"canonical\" href=\"https:\/\/nexadrone-jr7qzgyq3f.live-website.com\/shop\/drones-nexadrone\/dji-matrice\/serie-dji-matrice-4\/dji-matrice-4t\/\" \/>\n<meta property=\"og:locale\" content=\"en_US\" \/>\n<meta property=\"og:type\" content=\"article\" \/>\n<meta property=\"og:title\" content=\"DJI Matrice 4T - NexaDrone\" \/>\n<meta property=\"og:description\" content=\"DJI Matrice 4T con c\u00e1maras 48 MP, t\u00e9rmica 640\u00d7512 (30 Hz), tel\u00e9metro l\u00e1ser 1800 m, NIR y zoom h\u00edbrido 112\u00d7. Hasta 49 min de vuelo y precisi\u00f3n RTK\" \/>\n<meta property=\"og:url\" content=\"https:\/\/nexadrone-jr7qzgyq3f.live-website.com\/shop\/drones-nexadrone\/dji-matrice\/serie-dji-matrice-4\/dji-matrice-4t\/\" \/>\n<meta property=\"og:site_name\" content=\"NexaDrone\" \/>\n<meta property=\"article:modified_time\" content=\"2025-11-19T17:21:54+00:00\" \/>\n<meta property=\"og:image\" content=\"https:\/\/nexadrone-jr7qzgyq3f.live-website.com\/wp-content\/uploads\/2025\/10\/67efa557ad341eec5e19a7109226f716@ultra.webp\" \/>\n\t<meta property=\"og:image:width\" content=\"1280\" \/>\n\t<meta property=\"og:image:height\" content=\"1280\" \/>\n\t<meta property=\"og:image:type\" content=\"image\/webp\" \/>\n<meta name=\"twitter:card\" content=\"summary_large_image\" \/>\n<meta name=\"twitter:label1\" content=\"Est. reading time\" \/>\n\t<meta name=\"twitter:data1\" content=\"2 minutes\" \/>\n<script type=\"application\/ld+json\" class=\"yoast-schema-graph\">{\"@context\":\"https:\\\/\\\/schema.org\",\"@graph\":[{\"@type\":\"WebPage\",\"@id\":\"https:\\\/\\\/nexadrone-jr7qzgyq3f.live-website.com\\\/shop\\\/drones-nexadrone\\\/dji-matrice\\\/serie-dji-matrice-4\\\/dji-matrice-4t\\\/\",\"url\":\"https:\\\/\\\/nexadrone-jr7qzgyq3f.live-website.com\\\/shop\\\/drones-nexadrone\\\/dji-matrice\\\/serie-dji-matrice-4\\\/dji-matrice-4t\\\/\",\"name\":\"DJI Matrice 4T - NexaDrone\",\"isPartOf\":{\"@id\":\"https:\\\/\\\/nexadrone.es\\\/#website\"},\"primaryImageOfPage\":{\"@id\":\"https:\\\/\\\/nexadrone-jr7qzgyq3f.live-website.com\\\/shop\\\/drones-nexadrone\\\/dji-matrice\\\/serie-dji-matrice-4\\\/dji-matrice-4t\\\/#primaryimage\"},\"image\":{\"@id\":\"https:\\\/\\\/nexadrone-jr7qzgyq3f.live-website.com\\\/shop\\\/drones-nexadrone\\\/dji-matrice\\\/serie-dji-matrice-4\\\/dji-matrice-4t\\\/#primaryimage\"},\"thumbnailUrl\":\"https:\\\/\\\/nexadrone.es\\\/wp-content\\\/uploads\\\/2025\\\/10\\\/67efa557ad341eec5e19a7109226f716@ultra.webp\",\"datePublished\":\"2025-10-20T12:33:27+00:00\",\"dateModified\":\"2025-11-19T17:21:54+00:00\",\"description\":\"DJI Matrice 4T con c\u00e1maras 48 MP, t\u00e9rmica 640\u00d7512 (30 Hz), tel\u00e9metro l\u00e1ser 1800 m, NIR y zoom h\u00edbrido 112\u00d7. Hasta 49 min de vuelo y precisi\u00f3n RTK\",\"breadcrumb\":{\"@id\":\"https:\\\/\\\/nexadrone-jr7qzgyq3f.live-website.com\\\/shop\\\/drones-nexadrone\\\/dji-matrice\\\/serie-dji-matrice-4\\\/dji-matrice-4t\\\/#breadcrumb\"},\"inLanguage\":\"en-US\",\"potentialAction\":[{\"@type\":\"ReadAction\",\"target\":[\"https:\\\/\\\/nexadrone-jr7qzgyq3f.live-website.com\\\/shop\\\/drones-nexadrone\\\/dji-matrice\\\/serie-dji-matrice-4\\\/dji-matrice-4t\\\/\"]}]},{\"@type\":\"ImageObject\",\"inLanguage\":\"en-US\",\"@id\":\"https:\\\/\\\/nexadrone-jr7qzgyq3f.live-website.com\\\/shop\\\/drones-nexadrone\\\/dji-matrice\\\/serie-dji-matrice-4\\\/dji-matrice-4t\\\/#primaryimage\",\"url\":\"https:\\\/\\\/nexadrone.es\\\/wp-content\\\/uploads\\\/2025\\\/10\\\/67efa557ad341eec5e19a7109226f716@ultra.webp\",\"contentUrl\":\"https:\\\/\\\/nexadrone.es\\\/wp-content\\\/uploads\\\/2025\\\/10\\\/67efa557ad341eec5e19a7109226f716@ultra.webp\",\"width\":1280,\"height\":1280,\"caption\":\"DJI Matrice 4T\"},{\"@type\":\"BreadcrumbList\",\"@id\":\"https:\\\/\\\/nexadrone-jr7qzgyq3f.live-website.com\\\/shop\\\/drones-nexadrone\\\/dji-matrice\\\/serie-dji-matrice-4\\\/dji-matrice-4t\\\/#breadcrumb\",\"itemListElement\":[{\"@type\":\"ListItem\",\"position\":1,\"name\":\"Portada\",\"item\":\"https:\\\/\\\/nexadrone.es\\\/\"},{\"@type\":\"ListItem\",\"position\":2,\"name\":\"Tienda\",\"item\":\"https:\\\/\\\/nexadrone-jr7qzgyq3f.live-website.com\\\/tienda\\\/\"},{\"@type\":\"ListItem\",\"position\":3,\"name\":\"DJI Matrice 4T\"}]},{\"@type\":\"WebSite\",\"@id\":\"https:\\\/\\\/nexadrone.es\\\/#website\",\"url\":\"https:\\\/\\\/nexadrone.es\\\/\",\"name\":\"NexaDrone\",\"description\":\"\",\"potentialAction\":[{\"@type\":\"SearchAction\",\"target\":{\"@type\":\"EntryPoint\",\"urlTemplate\":\"https:\\\/\\\/nexadrone.es\\\/?s={search_term_string}\"},\"query-input\":{\"@type\":\"PropertyValueSpecification\",\"valueRequired\":true,\"valueName\":\"search_term_string\"}}],\"inLanguage\":\"en-US\"}]}<\/script>\n<!-- \/ Yoast SEO plugin. -->","yoast_head_json":{"title":"DJI Matrice 4T - NexaDrone","description":"DJI Matrice 4T con c\u00e1maras 48 MP, t\u00e9rmica 640\u00d7512 (30 Hz), tel\u00e9metro l\u00e1ser 1800 m, NIR y zoom h\u00edbrido 112\u00d7. Hasta 49 min de vuelo y precisi\u00f3n RTK","robots":{"index":"index","follow":"follow","max-snippet":"max-snippet:-1","max-image-preview":"max-image-preview:large","max-video-preview":"max-video-preview:-1"},"canonical":"https:\/\/nexadrone-jr7qzgyq3f.live-website.com\/shop\/drones-nexadrone\/dji-matrice\/serie-dji-matrice-4\/dji-matrice-4t\/","og_locale":"en_US","og_type":"article","og_title":"DJI Matrice 4T - NexaDrone","og_description":"DJI Matrice 4T con c\u00e1maras 48 MP, t\u00e9rmica 640\u00d7512 (30 Hz), tel\u00e9metro l\u00e1ser 1800 m, NIR y zoom h\u00edbrido 112\u00d7. Hasta 49 min de vuelo y precisi\u00f3n RTK","og_url":"https:\/\/nexadrone-jr7qzgyq3f.live-website.com\/shop\/drones-nexadrone\/dji-matrice\/serie-dji-matrice-4\/dji-matrice-4t\/","og_site_name":"NexaDrone","article_modified_time":"2025-11-19T17:21:54+00:00","og_image":[{"width":1280,"height":1280,"url":"https:\/\/nexadrone-jr7qzgyq3f.live-website.com\/wp-content\/uploads\/2025\/10\/67efa557ad341eec5e19a7109226f716@ultra.webp","type":"image\/webp"}],"twitter_card":"summary_large_image","twitter_misc":{"Est. reading time":"2 minutes"},"schema":{"@context":"https:\/\/schema.org","@graph":[{"@type":"WebPage","@id":"https:\/\/nexadrone-jr7qzgyq3f.live-website.com\/shop\/drones-nexadrone\/dji-matrice\/serie-dji-matrice-4\/dji-matrice-4t\/","url":"https:\/\/nexadrone-jr7qzgyq3f.live-website.com\/shop\/drones-nexadrone\/dji-matrice\/serie-dji-matrice-4\/dji-matrice-4t\/","name":"DJI Matrice 4T - NexaDrone","isPartOf":{"@id":"https:\/\/nexadrone.es\/#website"},"primaryImageOfPage":{"@id":"https:\/\/nexadrone-jr7qzgyq3f.live-website.com\/shop\/drones-nexadrone\/dji-matrice\/serie-dji-matrice-4\/dji-matrice-4t\/#primaryimage"},"image":{"@id":"https:\/\/nexadrone-jr7qzgyq3f.live-website.com\/shop\/drones-nexadrone\/dji-matrice\/serie-dji-matrice-4\/dji-matrice-4t\/#primaryimage"},"thumbnailUrl":"https:\/\/nexadrone.es\/wp-content\/uploads\/2025\/10\/67efa557ad341eec5e19a7109226f716@ultra.webp","datePublished":"2025-10-20T12:33:27+00:00","dateModified":"2025-11-19T17:21:54+00:00","description":"DJI Matrice 4T con c\u00e1maras 48 MP, t\u00e9rmica 640\u00d7512 (30 Hz), tel\u00e9metro l\u00e1ser 1800 m, NIR y zoom h\u00edbrido 112\u00d7. Hasta 49 min de vuelo y precisi\u00f3n RTK","breadcrumb":{"@id":"https:\/\/nexadrone-jr7qzgyq3f.live-website.com\/shop\/drones-nexadrone\/dji-matrice\/serie-dji-matrice-4\/dji-matrice-4t\/#breadcrumb"},"inLanguage":"en-US","potentialAction":[{"@type":"ReadAction","target":["https:\/\/nexadrone-jr7qzgyq3f.live-website.com\/shop\/drones-nexadrone\/dji-matrice\/serie-dji-matrice-4\/dji-matrice-4t\/"]}]},{"@type":"ImageObject","inLanguage":"en-US","@id":"https:\/\/nexadrone-jr7qzgyq3f.live-website.com\/shop\/drones-nexadrone\/dji-matrice\/serie-dji-matrice-4\/dji-matrice-4t\/#primaryimage","url":"https:\/\/nexadrone.es\/wp-content\/uploads\/2025\/10\/67efa557ad341eec5e19a7109226f716@ultra.webp","contentUrl":"https:\/\/nexadrone.es\/wp-content\/uploads\/2025\/10\/67efa557ad341eec5e19a7109226f716@ultra.webp","width":1280,"height":1280,"caption":"DJI Matrice 4T"},{"@type":"BreadcrumbList","@id":"https:\/\/nexadrone-jr7qzgyq3f.live-website.com\/shop\/drones-nexadrone\/dji-matrice\/serie-dji-matrice-4\/dji-matrice-4t\/#breadcrumb","itemListElement":[{"@type":"ListItem","position":1,"name":"Portada","item":"https:\/\/nexadrone.es\/"},{"@type":"ListItem","position":2,"name":"Tienda","item":"https:\/\/nexadrone-jr7qzgyq3f.live-website.com\/tienda\/"},{"@type":"ListItem","position":3,"name":"DJI Matrice 4T"}]},{"@type":"WebSite","@id":"https:\/\/nexadrone.es\/#website","url":"https:\/\/nexadrone.es\/","name":"NexaDrone","description":"","potentialAction":[{"@type":"SearchAction","target":{"@type":"EntryPoint","urlTemplate":"https:\/\/nexadrone.es\/?s={search_term_string}"},"query-input":{"@type":"PropertyValueSpecification","valueRequired":true,"valueName":"search_term_string"}}],"inLanguage":"en-US"}]}},"_links":{"self":[{"href":"https:\/\/nexadrone.es\/en\/wp-json\/wp\/v2\/product\/12341","targetHints":{"allow":["GET"]}}],"collection":[{"href":"https:\/\/nexadrone.es\/en\/wp-json\/wp\/v2\/product"}],"about":[{"href":"https:\/\/nexadrone.es\/en\/wp-json\/wp\/v2\/types\/product"}],"replies":[{"embeddable":true,"href":"https:\/\/nexadrone.es\/en\/wp-json\/wp\/v2\/comments?post=12341"}],"version-history":[{"count":3,"href":"https:\/\/nexadrone.es\/en\/wp-json\/wp\/v2\/product\/12341\/revisions"}],"predecessor-version":[{"id":12354,"href":"https:\/\/nexadrone.es\/en\/wp-json\/wp\/v2\/product\/12341\/revisions\/12354"}],"wp:featuredmedia":[{"embeddable":true,"href":"https:\/\/nexadrone.es\/en\/wp-json\/wp\/v2\/media\/12342"}],"wp:attachment":[{"href":"https:\/\/nexadrone.es\/en\/wp-json\/wp\/v2\/media?parent=12341"}],"wp:term":[{"taxonomy":"product_brand","embeddable":true,"href":"https:\/\/nexadrone.es\/en\/wp-json\/wp\/v2\/product_brand?post=12341"},{"taxonomy":"product_cat","embeddable":true,"href":"https:\/\/nexadrone.es\/en\/wp-json\/wp\/v2\/product_cat?post=12341"},{"taxonomy":"product_tag","embeddable":true,"href":"https:\/\/nexadrone.es\/en\/wp-json\/wp\/v2\/product_tag?post=12341"}],"curies":[{"name":"wp","href":"https:\/\/api.w.org\/{rel}","templated":true}]}}