{"id":12406,"date":"2025-10-21T17:58:26","date_gmt":"2025-10-21T15:58:26","guid":{"rendered":"https:\/\/tonyjdrone.elultimoideario.com\/?post_type=product&#038;p=12406"},"modified":"2025-10-21T19:09:40","modified_gmt":"2025-10-21T17:09:40","slug":"dji-matrice-30t","status":"publish","type":"product","link":"https:\/\/nexadrone.es\/en\/shop\/drones-nexadrone\/dji-matrice\/matrice-serie-30\/dji-matrice-30t\/","title":{"rendered":"DJI Matrice 30T"},"content":{"rendered":"<p>El DJI Matrice 30T es una plataforma a\u00e9rea profesional combinando potencia, portabilidad y sensores avanzados en un dise\u00f1o resistente. Con protecci\u00f3n de grado IP55, esta aeronave est\u00e1 preparada para operar en entornos adversos con lluvia, polvo o viento. Entre sus capacidades se destacan una c\u00e1mara gran angular de alta resoluci\u00f3n, una c\u00e1mara con zoom (48 MP), y una c\u00e1mara t\u00e9rmica de 640\u00d7512 px, lo que la hace ideal para misiones de inspecci\u00f3n, rescate, vigilancia y cartograf\u00eda. Adem\u00e1s DJI Matrice 30T incorpora el mando RC Plus, sistema de transmisi\u00f3n O3 Enterprise y detecci\u00f3n en seis direcciones para m\u00e1xima seguridad en vuelo.<\/p>","protected":false},"excerpt":{"rendered":"<p>Dron profesional todoterreno con c\u00e1mara t\u00e9rmica de 640\u00d7512 px, zoom de alta resoluci\u00f3n, protecci\u00f3n IP55 y control RC Plus \u2014 ideal para inspecci\u00f3n, rescate y operaciones industriales.<\/p>","protected":false},"featured_media":12409,"comment_status":"open","ping_status":"closed","template":"","meta":{"_acf_changed":false},"product_brand":[136],"product_cat":[135,191],"product_tag":[190,196,198,197,144],"class_list":{"0":"post-12406","1":"product","2":"type-product","3":"status-publish","4":"has-post-thumbnail","6":"product_brand-dji","7":"product_cat-drones-nexadrone","8":"product_cat-matrice-serie-30","9":"product_tag-dji-matrice","10":"product_tag-dron-industrial","11":"product_tag-drones-profesionales","12":"product_tag-inspeccion-aerea","13":"product_tag-seguridad-publica","14":"pa_camara-gran-angular-12-mp-f-2-8-24-mm-eq","15":"pa_camara-termica-640x512-px-cuando-el-modulo-termico-este-activo","16":"pa_peso-con-baterias-377-kg","17":"pa_telemetro-laser-alcance-max-1-200-m--02-m","18":"pa_tiempo-vuelo-41-minutos","20":"first","21":"instock","22":"shipping-taxable","23":"purchasable","24":"product-type-variable","25":"has-default-attributes"},"acf":[],"yoast_head":"<!-- This site is optimized with the Yoast SEO plugin v27.4 - https:\/\/yoast.com\/product\/yoast-seo-wordpress\/ -->\n<title>DJI Matrice 30T | Dron profesional - NexaDrone<\/title>\n<meta name=\"description\" content=\"DJI Matrice 30T: dron industrial con c\u00e1mara t\u00e9rmica 640\u00d7512 px, zoom 48 MP, protecci\u00f3n IP55 y mando RC Plus. Perfecto para inspecci\u00f3n y rescate profesional.\" \/>\n<meta name=\"robots\" content=\"index, follow, max-snippet:-1, max-image-preview:large, max-video-preview:-1\" \/>\n<link rel=\"canonical\" href=\"https:\/\/nexadrone-jr7qzgyq3f.live-website.com\/shop\/drones-nexadrone\/dji-matrice\/matrice-serie-30\/dji-matrice-30t\/\" \/>\n<meta property=\"og:locale\" content=\"en_US\" \/>\n<meta property=\"og:type\" content=\"article\" \/>\n<meta property=\"og:title\" content=\"DJI Matrice 30T | Dron profesional - NexaDrone\" \/>\n<meta property=\"og:description\" content=\"DJI Matrice 30T: dron industrial con c\u00e1mara t\u00e9rmica 640\u00d7512 px, zoom 48 MP, protecci\u00f3n IP55 y mando RC Plus. Perfecto para inspecci\u00f3n y rescate profesional.\" \/>\n<meta property=\"og:url\" content=\"https:\/\/nexadrone-jr7qzgyq3f.live-website.com\/shop\/drones-nexadrone\/dji-matrice\/matrice-serie-30\/dji-matrice-30t\/\" \/>\n<meta property=\"og:site_name\" content=\"NexaDrone\" \/>\n<meta property=\"article:modified_time\" content=\"2025-10-21T17:09:40+00:00\" \/>\n<meta property=\"og:image\" content=\"https:\/\/nexadrone-jr7qzgyq3f.live-website.com\/wp-content\/uploads\/2025\/10\/b3bf3d52996ebba58ff2c821ef4f24dd@ultra-1.jpg\" \/>\n\t<meta property=\"og:image:width\" content=\"1280\" \/>\n\t<meta property=\"og:image:height\" content=\"1280\" \/>\n\t<meta property=\"og:image:type\" content=\"image\/jpeg\" \/>\n<meta name=\"twitter:card\" content=\"summary_large_image\" \/>\n<meta name=\"twitter:label1\" content=\"Est. reading time\" \/>\n\t<meta name=\"twitter:data1\" content=\"1 minute\" \/>\n<script type=\"application\/ld+json\" class=\"yoast-schema-graph\">{\"@context\":\"https:\\\/\\\/schema.org\",\"@graph\":[{\"@type\":\"WebPage\",\"@id\":\"https:\\\/\\\/nexadrone-jr7qzgyq3f.live-website.com\\\/shop\\\/drones-nexadrone\\\/dji-matrice\\\/matrice-serie-30\\\/dji-matrice-30t\\\/\",\"url\":\"https:\\\/\\\/nexadrone-jr7qzgyq3f.live-website.com\\\/shop\\\/drones-nexadrone\\\/dji-matrice\\\/matrice-serie-30\\\/dji-matrice-30t\\\/\",\"name\":\"DJI Matrice 30T | Dron profesional - NexaDrone\",\"isPartOf\":{\"@id\":\"https:\\\/\\\/nexadrone.es\\\/#website\"},\"primaryImageOfPage\":{\"@id\":\"https:\\\/\\\/nexadrone-jr7qzgyq3f.live-website.com\\\/shop\\\/drones-nexadrone\\\/dji-matrice\\\/matrice-serie-30\\\/dji-matrice-30t\\\/#primaryimage\"},\"image\":{\"@id\":\"https:\\\/\\\/nexadrone-jr7qzgyq3f.live-website.com\\\/shop\\\/drones-nexadrone\\\/dji-matrice\\\/matrice-serie-30\\\/dji-matrice-30t\\\/#primaryimage\"},\"thumbnailUrl\":\"https:\\\/\\\/nexadrone.es\\\/wp-content\\\/uploads\\\/2025\\\/10\\\/b3bf3d52996ebba58ff2c821ef4f24dd@ultra-1.jpg\",\"datePublished\":\"2025-10-21T15:58:26+00:00\",\"dateModified\":\"2025-10-21T17:09:40+00:00\",\"description\":\"DJI Matrice 30T: dron industrial con c\u00e1mara t\u00e9rmica 640\u00d7512 px, zoom 48 MP, protecci\u00f3n IP55 y mando RC Plus. Perfecto para inspecci\u00f3n y rescate profesional.\",\"breadcrumb\":{\"@id\":\"https:\\\/\\\/nexadrone-jr7qzgyq3f.live-website.com\\\/shop\\\/drones-nexadrone\\\/dji-matrice\\\/matrice-serie-30\\\/dji-matrice-30t\\\/#breadcrumb\"},\"inLanguage\":\"en-US\",\"potentialAction\":[{\"@type\":\"ReadAction\",\"target\":[\"https:\\\/\\\/nexadrone-jr7qzgyq3f.live-website.com\\\/shop\\\/drones-nexadrone\\\/dji-matrice\\\/matrice-serie-30\\\/dji-matrice-30t\\\/\"]}]},{\"@type\":\"ImageObject\",\"inLanguage\":\"en-US\",\"@id\":\"https:\\\/\\\/nexadrone-jr7qzgyq3f.live-website.com\\\/shop\\\/drones-nexadrone\\\/dji-matrice\\\/matrice-serie-30\\\/dji-matrice-30t\\\/#primaryimage\",\"url\":\"https:\\\/\\\/nexadrone.es\\\/wp-content\\\/uploads\\\/2025\\\/10\\\/b3bf3d52996ebba58ff2c821ef4f24dd@ultra-1.jpg\",\"contentUrl\":\"https:\\\/\\\/nexadrone.es\\\/wp-content\\\/uploads\\\/2025\\\/10\\\/b3bf3d52996ebba58ff2c821ef4f24dd@ultra-1.jpg\",\"width\":1280,\"height\":1280,\"caption\":\"DJI Matrice 30T\"},{\"@type\":\"BreadcrumbList\",\"@id\":\"https:\\\/\\\/nexadrone-jr7qzgyq3f.live-website.com\\\/shop\\\/drones-nexadrone\\\/dji-matrice\\\/matrice-serie-30\\\/dji-matrice-30t\\\/#breadcrumb\",\"itemListElement\":[{\"@type\":\"ListItem\",\"position\":1,\"name\":\"Portada\",\"item\":\"https:\\\/\\\/nexadrone.es\\\/\"},{\"@type\":\"ListItem\",\"position\":2,\"name\":\"Tienda\",\"item\":\"https:\\\/\\\/nexadrone-jr7qzgyq3f.live-website.com\\\/tienda\\\/\"},{\"@type\":\"ListItem\",\"position\":3,\"name\":\"DJI Matrice 30T\"}]},{\"@type\":\"WebSite\",\"@id\":\"https:\\\/\\\/nexadrone.es\\\/#website\",\"url\":\"https:\\\/\\\/nexadrone.es\\\/\",\"name\":\"NexaDrone\",\"description\":\"\",\"potentialAction\":[{\"@type\":\"SearchAction\",\"target\":{\"@type\":\"EntryPoint\",\"urlTemplate\":\"https:\\\/\\\/nexadrone.es\\\/?s={search_term_string}\"},\"query-input\":{\"@type\":\"PropertyValueSpecification\",\"valueRequired\":true,\"valueName\":\"search_term_string\"}}],\"inLanguage\":\"en-US\"}]}<\/script>\n<!-- \/ Yoast SEO plugin. -->","yoast_head_json":{"title":"DJI Matrice 30T | Dron profesional - NexaDrone","description":"DJI Matrice 30T: dron industrial con c\u00e1mara t\u00e9rmica 640\u00d7512 px, zoom 48 MP, protecci\u00f3n IP55 y mando RC Plus. Perfecto para inspecci\u00f3n y rescate profesional.","robots":{"index":"index","follow":"follow","max-snippet":"max-snippet:-1","max-image-preview":"max-image-preview:large","max-video-preview":"max-video-preview:-1"},"canonical":"https:\/\/nexadrone-jr7qzgyq3f.live-website.com\/shop\/drones-nexadrone\/dji-matrice\/matrice-serie-30\/dji-matrice-30t\/","og_locale":"en_US","og_type":"article","og_title":"DJI Matrice 30T | Dron profesional - NexaDrone","og_description":"DJI Matrice 30T: dron industrial con c\u00e1mara t\u00e9rmica 640\u00d7512 px, zoom 48 MP, protecci\u00f3n IP55 y mando RC Plus. Perfecto para inspecci\u00f3n y rescate profesional.","og_url":"https:\/\/nexadrone-jr7qzgyq3f.live-website.com\/shop\/drones-nexadrone\/dji-matrice\/matrice-serie-30\/dji-matrice-30t\/","og_site_name":"NexaDrone","article_modified_time":"2025-10-21T17:09:40+00:00","og_image":[{"width":1280,"height":1280,"url":"https:\/\/nexadrone-jr7qzgyq3f.live-website.com\/wp-content\/uploads\/2025\/10\/b3bf3d52996ebba58ff2c821ef4f24dd@ultra-1.jpg","type":"image\/jpeg"}],"twitter_card":"summary_large_image","twitter_misc":{"Est. reading time":"1 minute"},"schema":{"@context":"https:\/\/schema.org","@graph":[{"@type":"WebPage","@id":"https:\/\/nexadrone-jr7qzgyq3f.live-website.com\/shop\/drones-nexadrone\/dji-matrice\/matrice-serie-30\/dji-matrice-30t\/","url":"https:\/\/nexadrone-jr7qzgyq3f.live-website.com\/shop\/drones-nexadrone\/dji-matrice\/matrice-serie-30\/dji-matrice-30t\/","name":"DJI Matrice 30T | Dron profesional - NexaDrone","isPartOf":{"@id":"https:\/\/nexadrone.es\/#website"},"primaryImageOfPage":{"@id":"https:\/\/nexadrone-jr7qzgyq3f.live-website.com\/shop\/drones-nexadrone\/dji-matrice\/matrice-serie-30\/dji-matrice-30t\/#primaryimage"},"image":{"@id":"https:\/\/nexadrone-jr7qzgyq3f.live-website.com\/shop\/drones-nexadrone\/dji-matrice\/matrice-serie-30\/dji-matrice-30t\/#primaryimage"},"thumbnailUrl":"https:\/\/nexadrone.es\/wp-content\/uploads\/2025\/10\/b3bf3d52996ebba58ff2c821ef4f24dd@ultra-1.jpg","datePublished":"2025-10-21T15:58:26+00:00","dateModified":"2025-10-21T17:09:40+00:00","description":"DJI Matrice 30T: dron industrial con c\u00e1mara t\u00e9rmica 640\u00d7512 px, zoom 48 MP, protecci\u00f3n IP55 y mando RC Plus. Perfecto para inspecci\u00f3n y rescate profesional.","breadcrumb":{"@id":"https:\/\/nexadrone-jr7qzgyq3f.live-website.com\/shop\/drones-nexadrone\/dji-matrice\/matrice-serie-30\/dji-matrice-30t\/#breadcrumb"},"inLanguage":"en-US","potentialAction":[{"@type":"ReadAction","target":["https:\/\/nexadrone-jr7qzgyq3f.live-website.com\/shop\/drones-nexadrone\/dji-matrice\/matrice-serie-30\/dji-matrice-30t\/"]}]},{"@type":"ImageObject","inLanguage":"en-US","@id":"https:\/\/nexadrone-jr7qzgyq3f.live-website.com\/shop\/drones-nexadrone\/dji-matrice\/matrice-serie-30\/dji-matrice-30t\/#primaryimage","url":"https:\/\/nexadrone.es\/wp-content\/uploads\/2025\/10\/b3bf3d52996ebba58ff2c821ef4f24dd@ultra-1.jpg","contentUrl":"https:\/\/nexadrone.es\/wp-content\/uploads\/2025\/10\/b3bf3d52996ebba58ff2c821ef4f24dd@ultra-1.jpg","width":1280,"height":1280,"caption":"DJI Matrice 30T"},{"@type":"BreadcrumbList","@id":"https:\/\/nexadrone-jr7qzgyq3f.live-website.com\/shop\/drones-nexadrone\/dji-matrice\/matrice-serie-30\/dji-matrice-30t\/#breadcrumb","itemListElement":[{"@type":"ListItem","position":1,"name":"Portada","item":"https:\/\/nexadrone.es\/"},{"@type":"ListItem","position":2,"name":"Tienda","item":"https:\/\/nexadrone-jr7qzgyq3f.live-website.com\/tienda\/"},{"@type":"ListItem","position":3,"name":"DJI Matrice 30T"}]},{"@type":"WebSite","@id":"https:\/\/nexadrone.es\/#website","url":"https:\/\/nexadrone.es\/","name":"NexaDrone","description":"","potentialAction":[{"@type":"SearchAction","target":{"@type":"EntryPoint","urlTemplate":"https:\/\/nexadrone.es\/?s={search_term_string}"},"query-input":{"@type":"PropertyValueSpecification","valueRequired":true,"valueName":"search_term_string"}}],"inLanguage":"en-US"}]}},"_links":{"self":[{"href":"https:\/\/nexadrone.es\/en\/wp-json\/wp\/v2\/product\/12406","targetHints":{"allow":["GET"]}}],"collection":[{"href":"https:\/\/nexadrone.es\/en\/wp-json\/wp\/v2\/product"}],"about":[{"href":"https:\/\/nexadrone.es\/en\/wp-json\/wp\/v2\/types\/product"}],"replies":[{"embeddable":true,"href":"https:\/\/nexadrone.es\/en\/wp-json\/wp\/v2\/comments?post=12406"}],"version-history":[{"count":1,"href":"https:\/\/nexadrone.es\/en\/wp-json\/wp\/v2\/product\/12406\/revisions"}],"predecessor-version":[{"id":12412,"href":"https:\/\/nexadrone.es\/en\/wp-json\/wp\/v2\/product\/12406\/revisions\/12412"}],"wp:featuredmedia":[{"embeddable":true,"href":"https:\/\/nexadrone.es\/en\/wp-json\/wp\/v2\/media\/12409"}],"wp:attachment":[{"href":"https:\/\/nexadrone.es\/en\/wp-json\/wp\/v2\/media?parent=12406"}],"wp:term":[{"taxonomy":"product_brand","embeddable":true,"href":"https:\/\/nexadrone.es\/en\/wp-json\/wp\/v2\/product_brand?post=12406"},{"taxonomy":"product_cat","embeddable":true,"href":"https:\/\/nexadrone.es\/en\/wp-json\/wp\/v2\/product_cat?post=12406"},{"taxonomy":"product_tag","embeddable":true,"href":"https:\/\/nexadrone.es\/en\/wp-json\/wp\/v2\/product_tag?post=12406"}],"curies":[{"name":"wp","href":"https:\/\/api.w.org\/{rel}","templated":true}]}}